{"id":3910,"date":"2025-12-27T14:40:45","date_gmt":"2025-12-27T13:40:45","guid":{"rendered":"https:\/\/www.olivier.inc\/formation-et-accompagnement\/"},"modified":"2026-01-06T13:46:29","modified_gmt":"2026-01-06T12:46:29","slug":"academy","status":"publish","type":"page","link":"https:\/\/www.olivier.inc\/fr\/academy\/","title":{"rendered":"Formation et accompagnement"},"content":{"rendered":"\n<blockquote class=\"wp-block-quote is-layout-flow wp-block-quote-is-layout-flow\">\n<p>Des techniques correctes de fondation et de sout\u00e8nement commencent par la connaissance, la technologie et un accompagnement adapt\u00e9.<\/p>\n<\/blockquote>\n\n<p>Olivier propose des formations approfondies et un accompagnement technique pour les entreprises de fondations, les fabricants de machines et les ing\u00e9nieurs. Nous formons des personnes, des d\u00e9butants absolus aux professionnels exp\u00e9riment\u00e9s, aux techniques de pieux et de sout\u00e8nement, en combinant th\u00e9orie et pratique, en conseillant sur les machines et en accompagnant l\u2019ensemble du processus de conception, depuis le premier calcul jusqu\u2019au pieu finalis\u00e9 ou \u00e0 la fouille profonde achev\u00e9e.<\/p>\n\n<figure class=\"wp-block-image size-full\"><img loading=\"lazy\" decoding=\"async\" width=\"1024\" height=\"684\" src=\"https:\/\/www.olivier.inc\/wp-content\/uploads\/OlivierAcademy01.jpg\" alt=\"\" class=\"wp-image-3868\" srcset=\"https:\/\/www.olivier.inc\/wp-content\/uploads\/OlivierAcademy01.jpg 1024w, https:\/\/www.olivier.inc\/wp-content\/uploads\/OlivierAcademy01-300x200.jpg 300w, https:\/\/www.olivier.inc\/wp-content\/uploads\/OlivierAcademy01-768x513.jpg 768w\" sizes=\"auto, (max-width: 1024px) 100vw, 1024px\" \/><\/figure>\n<p>Collaborer avec Olivier, c\u2019est int\u00e9grer une communaut\u00e9 internationale dans laquelle les connaissances et les retours d\u2019exp\u00e9rience sont partag\u00e9s sur les techniques de fondation et de sout\u00e8nement, dans des conditions et des types de sols tr\u00e8s vari\u00e9s. Les exp\u00e9riences de projets men\u00e9s dans diff\u00e9rents pays et contextes, o\u00f9 sont notamment appliqu\u00e9s le syst\u00e8me de pieux Olivier et l\u2019Olivier DPA, constituent une source de connaissance essentielle. Gr\u00e2ce \u00e0 cet \u00e9change international, m\u00eame les projets complexes et exigeants peuvent \u00eatre men\u00e9s \u00e0 bien avec confiance.<\/p>\n\n<h3 class=\"wp-block-heading\">Conception et ing\u00e9nierie en collaboration avec <a href=\"https:\/\/www.cloudpiling.com\" target=\"_blank\" rel=\"noopener\">CloudPiling<\/a><\/h3>\n\n<blockquote class=\"wp-block-quote is-layout-flow wp-block-quote-is-layout-flow\">\n<p>Chaque projet de fondation ou de sout\u00e8nement commence par une conception r\u00e9fl\u00e9chie.<\/p>\n<\/blockquote>\n\n<p>Olivier travaille \u00e0 cet effet en collaboration avec <a href=\"https:\/\/www.cloudpiling.com\" target=\"_blank\" rel=\"noopener\" title=\"\">CloudPiling<\/a>, une plateforme end-to-end sp\u00e9cialis\u00e9e dans la conception et le calcul de structures de fondation et de sout\u00e8nement.<\/p>\n\n<p>En collaboration avec <a href=\"https:\/\/www.cloudpiling.com\" target=\"_blank\" rel=\"noopener\" title=\"\">CloudPiling<\/a>, nous accompagnons nos clients de deux mani\u00e8res :<\/p>\n\n<ul class=\"wp-block-list\">\n<li>Par l\u2019\u00e9laboration de notes de calcul compl\u00e8tes.<\/li>\n\n\n\n<li>Via la plateforme end-to-end CloudPiling, les clients peuvent concevoir et calculer eux-m\u00eames leurs projets. Les formations et l\u2019accompagnement li\u00e9s \u00e0 l\u2019utilisation de la plateforme CloudPiling sont assur\u00e9s par CloudPiling lui-m\u00eame, en \u00e9troite collaboration avec Olivier lorsque n\u00e9cessaire.<\/li>\n<\/ul>\n\n<p><\/p>\n\n<h3 class=\"wp-block-heading\">Accompagnement technique et conseil en machines<\/h3>\n\n<blockquote class=\"wp-block-quote is-layout-flow wp-block-quote-is-layout-flow\">\n<p>Un bon r\u00e9sultat commence par la bonne combinaison entre la technique, la machine et l\u2019outillage.<\/p>\n<\/blockquote>\n\n<p>Olivier accompagne ses clients dans le choix des solutions appropri\u00e9es, ind\u00e9pendamment de toute marque ou fournisseur. Forts de notre exp\u00e9rience en techniques de fondation et de sout\u00e8nement, nous traduisons la conception en une configuration technique correcte et efficace.<\/p>\n\n<p>Notre accompagnement comprend notamment :<\/p>\n\n<ul class=\"wp-block-list\">\n<li>Conseil sur le concept de machine le plus adapt\u00e9 en fonction des techniques de fondation et de sout\u00e8nement<\/li>\n\n\n\n<li>Accompagnement dans le choix des outils et \u00e9quipements, tels que les tari\u00e8res, les raccords, les tubes s\u00e9cants, les moteurs de forage et les vibrateurs<\/li>\n\n\n\n<li>Support lors du d\u00e9marrage et de l\u2019optimisation des projets<\/li>\n\n\n\n<li>Accompagnement technique lors de projets pilotes et des premiers chantiers<\/li>\n\n\n\n<li>Conseil en organisation de chantier<\/li>\n\n\n\n<li>Conseil en logistique et transport<\/li>\n\n\n\n<li>Formation et accompagnement technique pour la maintenance et les r\u00e9parations des outils et \u00e9quipements utilis\u00e9s pour les techniques de fondation et de sout\u00e8nement<\/li>\n\n\n\n<li>&#8230;<\/li>\n<\/ul>\n\n<figure class=\"wp-block-image size-full\"><img loading=\"lazy\" decoding=\"async\" width=\"1024\" height=\"684\" src=\"https:\/\/www.olivier.inc\/wp-content\/uploads\/OlivierAcademy02.jpg\" alt=\"\" class=\"wp-image-3880\" srcset=\"https:\/\/www.olivier.inc\/wp-content\/uploads\/OlivierAcademy02.jpg 1024w, https:\/\/www.olivier.inc\/wp-content\/uploads\/OlivierAcademy02-300x200.jpg 300w, https:\/\/www.olivier.inc\/wp-content\/uploads\/OlivierAcademy02-768x513.jpg 768w\" sizes=\"auto, (max-width: 1024px) 100vw, 1024px\" \/><\/figure>\n<p><\/p>\n\n<h3 class=\"wp-block-heading\">Formations en techniques de fondation et de sout\u00e8nement<\/h3>\n\n<p>Nous proposons des formations pour la mise en \u0153uvre de diff\u00e9rentes techniques de fondation et de sout\u00e8nement, tant sur le plan th\u00e9orique que pratique. Ces formations sont ax\u00e9es sur la s\u00e9curit\u00e9, la qualit\u00e9 et l\u2019application correcte et efficace des machines, des outils et des techniques sur le chantier.<\/p>\n\n<p>Les formations d\u2019Olivier couvrent notamment les techniques de fondation et de sout\u00e8nement suivantes :<\/p>\n\n<div class=\"wp-block-columns is-layout-flex wp-container-core-columns-is-layout-28f84493 wp-block-columns-is-layout-flex\">\n<div class=\"wp-block-column is-layout-flow wp-block-column-is-layout-flow\">\n<h4 class=\"wp-block-heading\">Techniques de fondation<\/h4>\n\n\n\n<ul class=\"wp-block-list\">\n<li><a href=\"https:\/\/www.olivier.inc\/fr\/outils\/tariere-pieu-olivier\/\" title=\"Pieu Olivier\">Pieu Olivier<\/a> \/ <a href=\"https:\/\/www.olivier.inc\/fr\/outils\/olivier-dpa\/\" title=\"Olivier DPA\">Olivier DPA<\/a><\/li>\n\n\n\n<li>Syst\u00e8mes de pieux\/inclusions traditionnels\n<ul class=\"wp-block-list\">\n<li><a href=\"https:\/\/www.olivier.inc\/fr\/outils\/tariere-refoulement-traditionnelle\/\" title=\"Pieux &#xE0; d&#xE9;placement traditionnels\">Pieu\/Inclusion \u00e0 refoulement traditionnelle<\/a><\/li>\n\n\n\n<li>Pieux \u00e0 tari\u00e8re creuse<\/li>\n<\/ul>\n<\/li>\n<\/ul>\n\n\n\n<figure class=\"wp-block-image size-full\"><img loading=\"lazy\" decoding=\"async\" width=\"684\" height=\"1024\" src=\"https:\/\/www.olivier.inc\/wp-content\/uploads\/OlivierAcademy04.jpg\" alt=\"\" class=\"wp-image-3886\" srcset=\"https:\/\/www.olivier.inc\/wp-content\/uploads\/OlivierAcademy04.jpg 684w, https:\/\/www.olivier.inc\/wp-content\/uploads\/OlivierAcademy04-200x300.jpg 200w\" sizes=\"auto, (max-width: 684px) 100vw, 684px\" \/><\/figure><\/div>\n\n\n\n<div class=\"wp-block-column is-layout-flow wp-block-column-is-layout-flow\">\n<h4 class=\"wp-block-heading\">Techniques de sout\u00e8nement<\/h4>\n\n\n\n<ul class=\"wp-block-list\">\n<li>Parois berlinoises<\/li>\n\n\n\n<li>Parois de pieux s\u00e9cants<\/li>\n\n\n\n<li>Palplanches<\/li>\n\n\n\n<li>CSM<\/li>\n<\/ul>\n\n\n\n<figure class=\"wp-block-image size-full\"><img loading=\"lazy\" decoding=\"async\" width=\"684\" height=\"1024\" src=\"https:\/\/www.olivier.inc\/wp-content\/uploads\/OlivierAcademy03.jpg\" alt=\"\" class=\"wp-image-3885\" srcset=\"https:\/\/www.olivier.inc\/wp-content\/uploads\/OlivierAcademy03.jpg 684w, https:\/\/www.olivier.inc\/wp-content\/uploads\/OlivierAcademy03-200x300.jpg 200w\" sizes=\"auto, (max-width: 684px) 100vw, 684px\" \/><\/figure><\/div>\n<\/div>\n\n<p><\/p>\n\n<h3 class=\"wp-block-heading\">Formation pour tous, dans le monde entier<\/h3>\n\n<p>Nos formations s\u2019adressent aussi bien aux sp\u00e9cialistes exp\u00e9riment\u00e9s des fondations qu\u2019aux participants sans connaissances pr\u00e9alables. Gr\u00e2ce \u00e0 une approche structur\u00e9e, les participants apprennent pas \u00e0 pas \u00e0 appliquer correctement et efficacement les techniques de fondation et de sout\u00e8nement \u00e0 l\u2019aide de machines existantes ou nouvelles, y compris l\u2019utilisation appropri\u00e9e des outils et \u00e9quipements. La conduite des machines elles-m\u00eames rel\u00e8ve de la responsabilit\u00e9 de l\u2019op\u00e9rateur et, le cas \u00e9ch\u00e9ant, du fabricant de la machine.<\/p>\n\n<p>Les formations d\u2019Olivier ne se limitent pas \u00e0 l\u2019apprentissage des techniques \u00e0 partir de z\u00e9ro. Le rafra\u00eechissement et la remise \u00e0 niveau des connaissances existantes font \u00e9galement partie int\u00e9grante de notre accompagnement. Nous accompagnons par exemple des \u00e9quipes qui reprennent les techniques Olivier apr\u00e8s une interruption prolong\u00e9e, comme apr\u00e8s un arr\u00eat de chantier ou une p\u00e9riode sans application. Cela concerne notamment la r\u00e9alisation de <a href=\"https:\/\/www.olivier.inc\/fr\/outils\/tariere-pieu-olivier\/\" title=\"Pieu Olivier\">pieux Olivier<\/a> ou d\u2019<a href=\"https:\/\/www.olivier.inc\/fr\/outils\/olivier-dpa\/\" title=\"Olivier DPA\">Olivier DPA<\/a>. De cette mani\u00e8re, l\u2019exp\u00e9rience acquise est pr\u00e9serv\u00e9e et renforc\u00e9e.<\/p>\n\n<figure class=\"wp-block-image size-full\"><img loading=\"lazy\" decoding=\"async\" width=\"1024\" height=\"684\" src=\"https:\/\/www.olivier.inc\/wp-content\/uploads\/OlivierAcademy05.jpg\" alt=\"\" class=\"wp-image-3889\" srcset=\"https:\/\/www.olivier.inc\/wp-content\/uploads\/OlivierAcademy05.jpg 1024w, https:\/\/www.olivier.inc\/wp-content\/uploads\/OlivierAcademy05-300x200.jpg 300w, https:\/\/www.olivier.inc\/wp-content\/uploads\/OlivierAcademy05-768x513.jpg 768w\" sizes=\"auto, (max-width: 1024px) 100vw, 1024px\" \/><\/figure>\n<p>Nous \u00e9valuons toujours au pr\u00e9alable, en concertation avec le client, si une formation est pertinente et r\u00e9alisable dans le contexte donn\u00e9, en tenant compte du niveau de connaissances, des machines disponibles, des conditions locales et du domaine d\u2019application envisag\u00e9.<\/p>\n\n<p>Olivier dispense des formations dans le monde entier et les adapte au contexte technique et aux machines disponibles chez le client. Le respect de la r\u00e9glementation locale, des normes et prescriptions, ainsi que la responsabilit\u00e9 de la conception, de l\u2019ex\u00e9cution et du r\u00e9sultat final des travaux de fondation et de sout\u00e8nement, restent en permanence \u00e0 la charge du client et des parties ex\u00e9cutantes.<\/p>\n\n<h3 class=\"wp-block-heading\">Pas d\u2019ex\u00e9cution, mais un accompagnement complet<\/h3>\n\n<blockquote class=\"wp-block-quote is-layout-flow wp-block-quote-is-layout-flow\">\n<p>Olivier intervient en tant que partenaire de connaissance et de technologie, et non comme ex\u00e9cutant sur le chantier.<\/p>\n<\/blockquote>\n\n<p>Olivier n\u2019ex\u00e9cute pas lui-m\u00eame de travaux de fondation ou de sout\u00e8nement. Nous nous concentrons sur la technologie, le transfert de connaissances, la formation et l\u2019accompagnement technique, afin de permettre aux entreprises de fondation de r\u00e9aliser leurs projets de mani\u00e8re correcte, s\u00fbre et efficace.<\/p>\n\n<p>Notre accompagnement peut prendre diff\u00e9rentes formes, allant du conseil et de la formation \u00e0 l\u2019assistance technique lors des phases de d\u00e9marrage et de test. La responsabilit\u00e9 de l\u2019ex\u00e9cution des travaux reste en permanence aux parties ex\u00e9cutantes.<\/p>\n\n<p><\/p>\n","protected":false},"excerpt":{"rendered":"<p>Formations et accompagnement technique pour les techniques de fondation et de sout\u00e8nement, incluant la conception, le conseil en machines et le transfert de connaissances, \u00e0 l\u2019\u00e9chelle mondiale.<\/p>\n","protected":false},"author":2,"featured_media":0,"parent":0,"menu_order":0,"comment_status":"closed","ping_status":"closed","template":"","meta":{"colormag_page_container_layout":"default_layout","colormag_page_sidebar_layout":"default_layout","_uf_show_specific_survey":0,"_uf_disable_surveys":false,"footnotes":""},"class_list":["post-3910","page","type-page","status-publish","hentry"],"aioseo_notices":[],"_links":{"self":[{"href":"https:\/\/www.olivier.inc\/fr\/wp-json\/wp\/v2\/pages\/3910","targetHints":{"allow":["GET"]}}],"collection":[{"href":"https:\/\/www.olivier.inc\/fr\/wp-json\/wp\/v2\/pages"}],"about":[{"href":"https:\/\/www.olivier.inc\/fr\/wp-json\/wp\/v2\/types\/page"}],"author":[{"embeddable":true,"href":"https:\/\/www.olivier.inc\/fr\/wp-json\/wp\/v2\/users\/2"}],"replies":[{"embeddable":true,"href":"https:\/\/www.olivier.inc\/fr\/wp-json\/wp\/v2\/comments?post=3910"}],"version-history":[{"count":7,"href":"https:\/\/www.olivier.inc\/fr\/wp-json\/wp\/v2\/pages\/3910\/revisions"}],"predecessor-version":[{"id":3960,"href":"https:\/\/www.olivier.inc\/fr\/wp-json\/wp\/v2\/pages\/3910\/revisions\/3960"}],"wp:attachment":[{"href":"https:\/\/www.olivier.inc\/fr\/wp-json\/wp\/v2\/media?parent=3910"}],"curies":[{"name":"wp","href":"https:\/\/api.w.org\/{rel}","templated":true}]}}