{"id":3840,"date":"2025-02-06T07:56:51","date_gmt":"2025-02-06T06:56:51","guid":{"rendered":"https:\/\/www.olivier.inc\/outils\/olivier-dpa\/"},"modified":"2026-02-19T21:47:54","modified_gmt":"2026-02-19T20:47:54","slug":"olivier-dpa","status":"publish","type":"page","link":"https:\/\/www.olivier.inc\/fr\/outils\/olivier-dpa\/","title":{"rendered":"Olivier DPA"},"content":{"rendered":"\n<blockquote class=\"wp-block-quote is-layout-flow wp-block-quote-is-layout-flow\">\n<p>L\u2019Olivier DPA est pr\u00eat \u00e0 red\u00e9finir les fondations, rel\u00e9guant les pieux cylindriques for\u00e9s \u00e0 refoulement traditionnels au pass\u00e9.<\/p>\n<\/blockquote>\n\n<h2 class=\"wp-block-heading\">Qu\u2019est-ce qu\u2019un Olivier DPA?<\/h2>\n\n<p>Un Olivier DPA<sup data-fn=\"ee752287-dd77-4dc3-b34d-8c4c7d837653\" class=\"fn\"><a id=\"ee752287-dd77-4dc3-b34d-8c4c7d837653-link\" href=\"#ee752287-dd77-4dc3-b34d-8c4c7d837653\">1<\/a><\/sup> est un pieu\/inclusion for\u00e9 \u00e0 refoulement moul\u00e9 dans le sol, innovant et brevet\u00e9, fabriqu\u00e9 en b\u00e9ton arm\u00e9, avec un f\u00fbt cylindrique sur toute sa longueur et une surface lisse \u00e0 l\u00e9g\u00e8rement irr\u00e9guli\u00e8re, pr\u00e9sentant une forme de spirale visible. Repose principalement sur la r\u00e9sistance de la pointe pour la capacit\u00e9 portante. Est install\u00e9 sans enl\u00e8vement de sol, ce qui le rend id\u00e9al pour les pieux de fondation structurels et l\u2019am\u00e9lioration des sols.<\/p>\n\n<h2 class=\"wp-block-heading\">Principaux avantages de l\u2019Olivier DPA<\/h2>\n\n<div class=\"wp-block-columns is-layout-flex wp-container-core-columns-is-layout-28f84493 wp-block-columns-is-layout-flex\">\n<div class=\"wp-block-column is-layout-flow wp-block-column-is-layout-flow\" style=\"flex-basis:66.66%\">\n<ul class=\"wp-block-list\">\n<li><strong>Refoulement total du sol<\/strong> jusqu\u2019\u00e0 la base de la fondation, y compris la base du pieu.<br\/><img loading=\"lazy\" decoding=\"async\" width=\"150\" height=\"225\" class=\"wp-image-2987\" style=\"width: 150px;\" src=\"https:\/\/www.olivier.inc\/wp-content\/uploads\/OlivierDPA_DisplacementBottom.png\" alt=\"Refoulement du sol Olivier DPA\" srcset=\"https:\/\/www.olivier.inc\/wp-content\/uploads\/OlivierDPA_DisplacementBottom.png 204w, https:\/\/www.olivier.inc\/wp-content\/uploads\/OlivierDPA_DisplacementBottom-200x300.png 200w\" sizes=\"auto, (max-width: 150px) 100vw, 150px\" \/><\/li>\n\n\n\n<li><strong>Pas d\u2019enl\u00e8vement de sol<\/strong>\n<ul class=\"wp-block-list\">\n<li>Id\u00e9al pour les sites avec sol contamin\u00e9<\/li>\n\n\n\n<li>Pas besoin d&rsquo;\u00e9vacuer le sol<\/li>\n\n\n\n<li>R\u00e9duit les co\u00fbts logistiques<\/li>\n\n\n\n<li>R\u00e9sulte en un chantier plus propre et plus s\u00fbr<\/li>\n<\/ul>\n<\/li>\n\n\n\n<li>Armature plac\u00e9e avant le b\u00e9ton<\/li>\n\n\n\n<li><strong>Pas de pointe de forage perdue<\/strong><\/li>\n\n\n\n<li>Excelle \u00e0 p\u00e9n\u00e9trer les sols durs<\/li>\n\n\n\n<li>S\u00e9curit\u00e9 accrue, efficacit\u00e9 am\u00e9lior\u00e9e et impact environnemental r\u00e9duit<\/li>\n\n\n\n<li>Peut \u00eatre r\u00e9alis\u00e9 avec des machines de forage existantes<\/li>\n\n\n\n<li>&#8230;<\/li>\n<\/ul>\n<\/div>\n\n\n\n<div class=\"wp-block-column is-layout-flow wp-block-column-is-layout-flow\" style=\"flex-basis:33.33%\">\n<figure class=\"wp-block-image size-full\"><img loading=\"lazy\" decoding=\"async\" width=\"271\" height=\"457\" src=\"https:\/\/www.olivier.inc\/wp-content\/uploads\/OlivierDPADetailSketch.png\" alt=\"\" class=\"wp-image-2920\" style=\"object-fit:cover\" srcset=\"https:\/\/www.olivier.inc\/wp-content\/uploads\/OlivierDPADetailSketch.png 271w, https:\/\/www.olivier.inc\/wp-content\/uploads\/OlivierDPADetailSketch-178x300.png 178w\" sizes=\"auto, (max-width: 271px) 100vw, 271px\" \/><\/figure><\/div>\n<\/div>\n\n<p><\/p>\n\n<h2 class=\"wp-block-heading\">Quelle est la diff\u00e9rence entre un pieu Olivier et un Olivier DPA?<\/h2>\n\n<div class=\"wp-block-columns is-layout-flex wp-container-core-columns-is-layout-28f84493 wp-block-columns-is-layout-flex\">\n<div class=\"wp-block-column is-layout-flow wp-block-column-is-layout-flow\">\n<h4 class=\"wp-block-heading\">Pieu Olivier<\/h4>\n\n\n\n<ul class=\"wp-block-list\">\n<li>F\u00fbt en forme de vis<\/li>\n\n\n\n<li>La forme en vis d\u00e9passe de 200mm en diam\u00e8tre par rapport au f\u00fbt du pieu.<\/li>\n<\/ul>\n<\/div>\n\n\n\n<div class=\"wp-block-column is-layout-flow wp-block-column-is-layout-flow\">\n<h4 class=\"wp-block-heading\">Olivier DPA<\/h4>\n\n\n\n<ul class=\"wp-block-list\">\n<li>F\u00fbt lisse \u00e0 l\u00e9g\u00e8rement irr\u00e9gulier (f\u00fbt cylindrique)<\/li>\n\n\n\n<li>Surface visible en forme de spirale, comparable \u00e0 une ligne de coul\u00e9e fine qui se forme entre deux panneaux de coffrage lors du coulage du b\u00e9ton. Cette surface en spirale est tr\u00e8s fine et n\u2019a aucun impact fonctionnel.<\/li>\n\n\n\n<li>Repose principalement sur la r\u00e9sistance de la pointe et la friction pour la capacit\u00e9 portante.<\/li>\n<\/ul>\n<\/div>\n<\/div>\n\n<div class=\"wp-block-columns is-layout-flex wp-container-core-columns-is-layout-28f84493 wp-block-columns-is-layout-flex\">\n<div class=\"wp-block-column is-layout-flow wp-block-column-is-layout-flow\">\n<figure class=\"wp-block-image aligncenter size-full\"><img loading=\"lazy\" decoding=\"async\" width=\"153\" height=\"260\" src=\"https:\/\/www.olivier.inc\/wp-content\/uploads\/OlivierPileSketch.png\" alt=\"\" class=\"wp-image-2925\"\/><figcaption class=\"wp-element-caption\">Pieu Olivier<\/figcaption><\/figure><\/div>\n\n\n\n<div class=\"wp-block-column is-layout-flow wp-block-column-is-layout-flow\">\n<figure class=\"wp-block-image aligncenter size-full\"><img loading=\"lazy\" decoding=\"async\" width=\"157\" height=\"260\" src=\"https:\/\/www.olivier.inc\/wp-content\/uploads\/OlivierDPASketch.png\" alt=\"\" class=\"wp-image-2928\"\/><figcaption class=\"wp-element-caption\">Olivier DPA<\/figcaption><\/figure><\/div>\n<\/div>\n\n<blockquote class=\"wp-block-quote is-layout-flow wp-block-quote-is-layout-flow\">\n<p>Curieux de savoir comment l\u2019Olivier DPA peut optimiser vos travaux de fondation ? Contactez-nous pour plus de d\u00e9tails et une consultation personnalis\u00e9e.<\/p>\n<\/blockquote>\n\n<h2 class=\"wp-block-heading\">Syst\u00e8me de b\u00e9tonnage ouvert<\/h2>\n\n<p>Lors de la mise en \u0153uvre d\u2019un pieu Olivier DPA, un syst\u00e8me de b\u00e9tonnage ouvert utilisant la pression gravitaire du b\u00e9ton est appliqu\u00e9. Cela signifie que, lorsque des armatures sont pr\u00e9vues, celles-ci sont d\u2019abord positionn\u00e9es \u00e0 la profondeur correcte \u00e0 travers le tube de forage avant le b\u00e9tonnage <em>(conform\u00e9ment au principe fondamental du b\u00e9ton coul\u00e9 en place : mise en place des armatures avant le b\u00e9tonnage)<\/em>. Pendant le b\u00e9tonnage, le niveau de b\u00e9ton dans le tube de forage est maintenu en permanence au-dessus du niveau du terrain, afin d\u2019exploiter la pression gravitaire du b\u00e9ton pour la formation du f\u00fbt du pieu. Aucun tubage ferm\u00e9 ni syst\u00e8me de b\u00e9tonnage sous pression n\u2019est utilis\u00e9. Ce syst\u00e8me de b\u00e9tonnage ouvert contribue \u00e0 une mise en \u0153uvre ma\u00eetris\u00e9e, efficace et fiable.<\/p>\n\n<div class=\"wp-block-columns is-layout-flex wp-container-core-columns-is-layout-28f84493 wp-block-columns-is-layout-flex\">\n<div class=\"wp-block-column is-layout-flow wp-block-column-is-layout-flow\">\n<figure class=\"wp-block-image size-medium\"><img loading=\"lazy\" decoding=\"async\" width=\"225\" height=\"300\" src=\"https:\/\/www.olivier.inc\/wp-content\/uploads\/\/olivier-pile-reinforcement-placement-through-casing-225x300.jpg\" alt=\"\" class=\"wp-image-4435\" srcset=\"https:\/\/www.olivier.inc\/wp-content\/uploads\/olivier-pile-reinforcement-placement-through-casing-225x300.jpg 225w, https:\/\/www.olivier.inc\/wp-content\/uploads\/olivier-pile-reinforcement-placement-through-casing.jpg 576w\" sizes=\"auto, (max-width: 225px) 100vw, 225px\" \/><\/figure><\/div>\n\n\n\n<div class=\"wp-block-column is-layout-flow wp-block-column-is-layout-flow\">\n<figure class=\"wp-block-image size-medium\"><img loading=\"lazy\" decoding=\"async\" width=\"225\" height=\"300\" src=\"https:\/\/www.olivier.inc\/wp-content\/uploads\/\/olivier-pile-reinforcement-inside-casing-225x300.jpg\" alt=\"\" class=\"wp-image-4437\" srcset=\"https:\/\/www.olivier.inc\/wp-content\/uploads\/olivier-pile-reinforcement-inside-casing-225x300.jpg 225w, https:\/\/www.olivier.inc\/wp-content\/uploads\/olivier-pile-reinforcement-inside-casing.jpg 576w\" sizes=\"auto, (max-width: 225px) 100vw, 225px\" \/><\/figure><\/div>\n<\/div>\n\n<p><\/p>\n\n<h2 class=\"wp-block-heading\">Processus de Forage<\/h2>\n\n<figure class=\"wp-block-image size-full\"><img loading=\"lazy\" decoding=\"async\" width=\"554\" height=\"496\" src=\"https:\/\/www.olivier.inc\/wp-content\/uploads\/OlivierDPADrillingProcess.png\" alt=\"Illustration du processus de forage &#xE9;tape par &#xE9;tape d&#x2019;un pieu Olivier DPA, mettant en &#xE9;vidence le refoulement du sol et la formation du pieu.\" class=\"wp-image-2938\" srcset=\"https:\/\/www.olivier.inc\/wp-content\/uploads\/OlivierDPADrillingProcess.png 554w, https:\/\/www.olivier.inc\/wp-content\/uploads\/OlivierDPADrillingProcess-300x269.png 300w\" sizes=\"auto, (max-width: 554px) 100vw, 554px\" \/><\/figure>\n<ol class=\"wp-block-list\">\n<li>Fermeture des clapets et positionnement de la machine et de la tari\u00e8re de refoulement;<\/li>\n\n\n\n<li>Vissage horaire du tube et de la tari\u00e8re de refoulement;<\/li>\n\n\n\n<li>Lorsque la profondeur sp\u00e9cifique de la base du pieu est atteinte, la cage d\u2019armature est introduite dans le tube et le b\u00e9ton est pomp\u00e9 dans le tube et l\u2019entonnoir;<\/li>\n\n\n\n<li>Le tube et la tari\u00e8re sont d\u00e9viss\u00e9s dans le <strong>sens antihoraire<\/strong> avec une avanc\u00e9e constante de minimum 22cm et maximum 25cm par rotation;<\/li>\n\n\n\n<li>Enfin, un pieu cylindrique avec une surface visible en spirale est obtenu.<\/li>\n<\/ol>\n\n<blockquote class=\"wp-block-quote is-layout-flow wp-block-quote-is-layout-flow\">\n<p>La fabrication d\u2019un pieu Olivier DPA est un processus sp\u00e9cialis\u00e9 qui n\u00e9cessite des connaissances et une expertise sp\u00e9cifiques, et Olivier fournit <a href=\"https:\/\/www.olivier.inc\/fr\/academy\/\" title=\"Training and Support\">l\u2019accompagnement et le soutien<\/a> n\u00e9cessaires pour garantir le succ\u00e8s \u00e0 chaque \u00e9tape.<\/p>\n<\/blockquote>\n\n<h2 class=\"wp-block-heading\">Diam\u00e8tres de pieux<\/h2>\n\n<p>Olivier fabrique des tari\u00e8res pour pieux Olivier DPA dans les dimensions standard suivantes :<\/p>\n\n<ul class=\"wp-block-list\">\n<li>d31 (310mm)<\/li>\n\n\n\n<li>d36 (360mm)<\/li>\n\n\n\n<li>d41 (410mm)<\/li>\n\n\n\n<li>d46 (460mm)<\/li>\n\n\n\n<li>d51 (510mm)<\/li>\n\n\n\n<li>d56 (560mm)<\/li>\n\n\n\n<li>d61 (610mm)<\/li>\n\n\n\n<li>d66 (660mm)<\/li>\n<\/ul>\n\n<p><\/p>\n\n<h2 class=\"wp-block-heading\">Pieux inclin\u00e9s<\/h2>\n\n<div class=\"wp-block-columns is-layout-flex wp-container-core-columns-is-layout-28f84493 wp-block-columns-is-layout-flex\">\n<div class=\"wp-block-column is-layout-flow wp-block-column-is-layout-flow\" style=\"flex-basis:33.33%\">\n<figure class=\"wp-block-image size-full\"><img loading=\"lazy\" decoding=\"async\" width=\"910\" height=\"1024\" src=\"https:\/\/www.olivier.inc\/wp-content\/uploads\/battered-pile-foundation-detail-olivier-DPA-system.png\" alt=\"\" class=\"wp-image-4621\" srcset=\"https:\/\/www.olivier.inc\/wp-content\/uploads\/battered-pile-foundation-detail-olivier-DPA-system.png 910w, https:\/\/www.olivier.inc\/wp-content\/uploads\/battered-pile-foundation-detail-olivier-DPA-system-267x300.png 267w, https:\/\/www.olivier.inc\/wp-content\/uploads\/battered-pile-foundation-detail-olivier-DPA-system-768x864.png 768w\" sizes=\"auto, (max-width: 910px) 100vw, 910px\" \/><\/figure><\/div>\n\n\n\n<div class=\"wp-block-column is-layout-flow wp-block-column-is-layout-flow\" style=\"flex-basis:66.66%\">\n<p>Le syst\u00e8me Olivier DPA peut \u00e9galement \u00eatre r\u00e9alis\u00e9 sous inclinaison, ce qui est exceptionnel pour un pieu r\u00e9alis\u00e9 en place et enti\u00e8rement \u00e0 refoulement lat\u00e9ral. Cela permet de r\u00e9aliser des pieux pour des applications soumises \u00e0 des efforts horizontaux, telles que les ponts, les \u00e9oliennes, les pyl\u00f4nes et les immeubles de grande hauteur.<\/p>\n\n\n\n<p>Gr\u00e2ce au syst\u00e8me de b\u00e9tonnage ouvert, l\u2019armature peut \u00eatre mise en place proprement \u00e0 travers le tube de forage, parfaitement centr\u00e9e et sous le bon angle d\u2019inclinaison.<\/p>\n\n\n\n<p><strong>En savoir plus :<\/strong>\u00a0<em><a href=\"https:\/\/www.olivier.inc\/fr\/pieux-inclines-et-les-systemes-de-pieux-olivier-une-combinaison-parfaite\/\" title=\"Battered piles and the Olivier piling systems: a perfect match!\">Pieux inclin\u00e9s et les syst\u00e8mes de pieux Olivier, une combinaison parfaite.<\/a><\/em><\/p>\n<\/div>\n<\/div>\n\n<p><\/p>\n\n<h2 class=\"wp-block-heading\">Formation et accompagnement<\/h2>\n\n<p>La mise en \u0153uvre correcte des pieux Olivier DPA n\u00e9cessite bien plus que le simple choix du bon outillage. Chez Olivier, nous proposons <a href=\"https:\/\/www.olivier.inc\/fr\/academy\/\" title=\"Training and Support\">des formations cibl\u00e9es et un accompagnement technique<\/a> sp\u00e9cifiquement d\u00e9di\u00e9s \u00e0 la conception, au dimensionnement et \u00e0 l\u2019ex\u00e9cution des syst\u00e8mes de pieux Olivier DPA.<\/p>\n\n<p>Vous trouverez plus d\u2019informations sur nos formations et notre accompagnement technique pour les pieux Olivier DPA sur la page <a href=\"https:\/\/www.olivier.inc\/fr\/academy\/\" title=\"Training and Support\">Academy<\/a>.<\/p>\n\n<figure class=\"wp-block-gallery has-nested-images columns-7 is-cropped wp-block-gallery-1 is-layout-flex wp-block-gallery-is-layout-flex\">\n<figure class=\"wp-block-image size-thumbnail\"><a href=\"https:\/\/www.olivier.inc\/wp-content\/uploads\/OlivierDPA_610_01-scaled.jpg\"><img loading=\"lazy\" decoding=\"async\" width=\"150\" height=\"150\" data-id=\"2961\" src=\"https:\/\/www.olivier.inc\/wp-content\/uploads\/\/OlivierDPA_610_01-150x150.jpg\" alt=\"\" class=\"wp-image-2961\"\/><\/a><\/figure>\n\n\n<figure class=\"wp-block-image size-thumbnail\"><a href=\"https:\/\/www.olivier.inc\/wp-content\/uploads\/OlivierDPA_610_02-scaled.jpg\"><img loading=\"lazy\" decoding=\"async\" width=\"150\" height=\"150\" data-id=\"2979\" src=\"https:\/\/www.olivier.inc\/wp-content\/uploads\/\/OlivierDPA_610_02-150x150.jpg\" alt=\"\" class=\"wp-image-2979\"\/><\/a><\/figure>\n\n\n<figure class=\"wp-block-image size-thumbnail\"><a href=\"https:\/\/www.olivier.inc\/wp-content\/uploads\/OlivierDPA_610_03-scaled.jpg\"><img loading=\"lazy\" decoding=\"async\" width=\"150\" height=\"150\" data-id=\"2976\" src=\"https:\/\/www.olivier.inc\/wp-content\/uploads\/\/OlivierDPA_610_03-150x150.jpg\" alt=\"\" class=\"wp-image-2976\"\/><\/a><\/figure>\n\n\n<figure class=\"wp-block-image size-thumbnail\"><a href=\"https:\/\/www.olivier.inc\/wp-content\/uploads\/OlivierDPA_Fundex_F3500_01-scaled.jpg\"><img loading=\"lazy\" decoding=\"async\" width=\"150\" height=\"150\" data-id=\"2967\" src=\"https:\/\/www.olivier.inc\/wp-content\/uploads\/\/OlivierDPA_Fundex_F3500_01-150x150.jpg\" alt=\"\" class=\"wp-image-2967\"\/><\/a><\/figure>\n\n\n<figure class=\"wp-block-image size-thumbnail\"><a href=\"https:\/\/www.olivier.inc\/wp-content\/uploads\/OlivierDPA_Fundex_F3500_02-scaled.jpg\"><img loading=\"lazy\" decoding=\"async\" width=\"150\" height=\"150\" data-id=\"2973\" src=\"https:\/\/www.olivier.inc\/wp-content\/uploads\/\/OlivierDPA_Fundex_F3500_02-150x150.jpg\" alt=\"\" class=\"wp-image-2973\"\/><\/a><\/figure>\n\n\n<figure class=\"wp-block-image size-thumbnail\"><a href=\"https:\/\/www.olivier.inc\/wp-content\/uploads\/OlivierDPA_Fundex_F3500_03-scaled.jpg\"><img loading=\"lazy\" decoding=\"async\" width=\"150\" height=\"150\" data-id=\"2964\" src=\"https:\/\/www.olivier.inc\/wp-content\/uploads\/\/OlivierDPA_Fundex_F3500_03-150x150.jpg\" alt=\"\" class=\"wp-image-2964\"\/><\/a><\/figure>\n\n\n<figure class=\"wp-block-image size-thumbnail\"><a href=\"https:\/\/www.olivier.inc\/wp-content\/uploads\/OlivierDPA_Liehberr_LB36-scaled.jpg\"><img loading=\"lazy\" decoding=\"async\" width=\"150\" height=\"150\" data-id=\"2970\" src=\"https:\/\/www.olivier.inc\/wp-content\/uploads\/\/OlivierDPA_Liehberr_LB36-150x150.jpg\" alt=\"\" class=\"wp-image-2970\"\/><\/a><\/figure><figcaption class=\"blocks-gallery-caption wp-element-caption\">Le syst\u00e8me Olivier DPA est prot\u00e9g\u00e9es par des droits de propri\u00e9t\u00e9 intellectuelle reconnus \u00e0 l\u2019\u00e9chelle internationale, incluant un ou plusieurs brevets d\u2019invention (comme AU2021207405A1; AU2021207405B2; BE1027995A1; BE1027995B1; CA3158834A1; EP4090797A1; US12180669B2; US2023040291A1; WO2021144773A1; WO2021144773A9). Toute utilisation, reproduction ou imitation non autoris\u00e9e fera l\u2019objet de poursuites judiciaires.<\/figcaption><\/figure>\n<ol class=\"wp-block-footnotes\"><li id=\"ee752287-dd77-4dc3-b34d-8c4c7d837653\">DPA = Drilling Push Aside <a href=\"#ee752287-dd77-4dc3-b34d-8c4c7d837653-link\" aria-label=\"Aller \u00e0 la note de bas de page 1\">\u21a9\ufe0e<\/a><\/li><\/ol>","protected":false},"excerpt":{"rendered":"<p>L\u2019Olivier DPA est pr\u00eat \u00e0 red\u00e9finir les fondations, rel\u00e9guant les pieux cylindriques for\u00e9s \u00e0 refoulement traditionnels au pass\u00e9.<\/p>\n","protected":false},"author":2,"featured_media":2949,"parent":1510,"menu_order":0,"comment_status":"closed","ping_status":"closed","template":"","meta":{"colormag_page_container_layout":"default_layout","colormag_page_sidebar_layout":"default_layout","_uf_show_specific_survey":0,"_uf_disable_surveys":false,"footnotes":"[{\"content\":\"DPA = Drilling Push Aside\",\"id\":\"ee752287-dd77-4dc3-b34d-8c4c7d837653\"}]"},"class_list":["post-3840","page","type-page","status-publish","has-post-thumbnail","hentry"],"aioseo_notices":[],"_links":{"self":[{"href":"https:\/\/www.olivier.inc\/fr\/wp-json\/wp\/v2\/pages\/3840","targetHints":{"allow":["GET"]}}],"collection":[{"href":"https:\/\/www.olivier.inc\/fr\/wp-json\/wp\/v2\/pages"}],"about":[{"href":"https:\/\/www.olivier.inc\/fr\/wp-json\/wp\/v2\/types\/page"}],"author":[{"embeddable":true,"href":"https:\/\/www.olivier.inc\/fr\/wp-json\/wp\/v2\/users\/2"}],"replies":[{"embeddable":true,"href":"https:\/\/www.olivier.inc\/fr\/wp-json\/wp\/v2\/comments?post=3840"}],"version-history":[{"count":4,"href":"https:\/\/www.olivier.inc\/fr\/wp-json\/wp\/v2\/pages\/3840\/revisions"}],"predecessor-version":[{"id":4640,"href":"https:\/\/www.olivier.inc\/fr\/wp-json\/wp\/v2\/pages\/3840\/revisions\/4640"}],"up":[{"embeddable":true,"href":"https:\/\/www.olivier.inc\/fr\/wp-json\/wp\/v2\/pages\/1510"}],"wp:featuredmedia":[{"embeddable":true,"href":"https:\/\/www.olivier.inc\/fr\/wp-json\/wp\/v2\/media\/2949"}],"wp:attachment":[{"href":"https:\/\/www.olivier.inc\/fr\/wp-json\/wp\/v2\/media?parent=3840"}],"curies":[{"name":"wp","href":"https:\/\/api.w.org\/{rel}","templated":true}]}}