{"id":3195,"date":"2025-11-30T16:34:23","date_gmt":"2025-11-30T15:34:23","guid":{"rendered":"https:\/\/www.olivier.inc\/liens\/"},"modified":"2025-12-19T08:20:35","modified_gmt":"2025-12-19T07:20:35","slug":"liens","status":"publish","type":"page","link":"https:\/\/www.olivier.inc\/fr\/liens\/","title":{"rendered":"Liens"},"content":{"rendered":"\n<div class=\"wp-block-columns is-layout-flex wp-container-core-columns-is-layout-28f84493 wp-block-columns-is-layout-flex\">\n<div class=\"wp-block-column is-layout-flow wp-block-column-is-layout-flow\" style=\"flex-basis:33.33%\">\n<figure class=\"wp-block-image size-full\"><a href=\"https:\/\/www.gvd-palen.be\/\" target=\"_blank\" rel=\" noreferrer noopener\"><img loading=\"lazy\" decoding=\"async\" width=\"724\" height=\"296\" src=\"https:\/\/www.olivier.inc\/wp-content\/uploads\/GVD-Palen.jpg\" alt=\"\" class=\"wp-image-3131\" srcset=\"https:\/\/www.olivier.inc\/wp-content\/uploads\/GVD-Palen.jpg 724w, https:\/\/www.olivier.inc\/wp-content\/uploads\/GVD-Palen-300x123.jpg 300w\" sizes=\"auto, (max-width: 724px) 100vw, 724px\" \/><\/a><\/figure><\/div>\n\n\n\n<div class=\"wp-block-column is-layout-flow wp-block-column-is-layout-flow\" style=\"flex-basis:66.66%\">\n<p><a href=\"https:\/\/www.gvd-palen.be\/\" target=\"_blank\" rel=\"noopener\" title=\"GVD Palen\">GVD Palen<\/a> de Snaaskerke est un acteur exp\u00e9riment\u00e9 et fiable dans les techniques de fondation sans vibrations. En tant que partenaire, <a href=\"https:\/\/www.gvd-palen.be\/\" target=\"_blank\" rel=\"noopener\" title=\"GVD Palen\">GVD Palen<\/a> utilise la technologie OLIVIER, leur permettant de r\u00e9aliser des fondations sur pieux extr\u00eamement pr\u00e9cises et durables. Leur engagement envers la qualit\u00e9, la s\u00e9curit\u00e9 et l\u2019innovation correspond parfaitement \u00e0 notre vision de la technologie de fondation moderne.<\/p>\n<\/div>\n<\/div>\n\n<hr class=\"wp-block-separator has-alpha-channel-opacity\"\/>\n\n<div class=\"wp-block-columns is-layout-flex wp-container-core-columns-is-layout-28f84493 wp-block-columns-is-layout-flex\">\n<div class=\"wp-block-column is-layout-flow wp-block-column-is-layout-flow\" style=\"flex-basis:33.33%\">\n<figure class=\"wp-block-image size-full\"><a href=\"https:\/\/www.cloudpiling.com\/\" target=\"_blank\" rel=\" noreferrer noopener\"><img loading=\"lazy\" decoding=\"async\" width=\"362\" height=\"77\" src=\"https:\/\/www.olivier.inc\/wp-content\/uploads\/CloudPiling.png\" alt=\"\" class=\"wp-image-3221\" srcset=\"https:\/\/www.olivier.inc\/wp-content\/uploads\/CloudPiling.png 362w, https:\/\/www.olivier.inc\/wp-content\/uploads\/CloudPiling-300x64.png 300w\" sizes=\"auto, (max-width: 362px) 100vw, 362px\" \/><\/a><\/figure><\/div>\n\n\n\n<div class=\"wp-block-column is-layout-flow wp-block-column-is-layout-flow\" style=\"flex-basis:66.66%\">\n<p><a href=\"https:\/\/www.cloudpiling.com\/\" target=\"_blank\" rel=\"noopener\" title=\"\">CloudPiling<\/a> est une plateforme num\u00e9rique innovante qui soutient les entreprises de fondation dans la conception, le suivi et la documentation des fondations sur pieux, des fouilles et d\u2019autres projets g\u00e9otechniques. Gr\u00e2ce \u00e0 des outils performants pour la planification, le contr\u00f4le qualit\u00e9 et le reporting, <a href=\"https:\/\/www.cloudpiling.com\/\" target=\"_blank\" rel=\"noopener\" title=\"\">CloudPiling<\/a> permet de travailler plus rapidement, avec plus de pr\u00e9cision et de mani\u00e8re plus efficace, tant sur le terrain qu\u2019en phase de pr\u00e9paration.<\/p>\n<\/div>\n<\/div>\n\n<hr class=\"wp-block-separator has-alpha-channel-opacity\"\/>\n\n<div class=\"wp-block-columns is-layout-flex wp-container-core-columns-is-layout-28f84493 wp-block-columns-is-layout-flex\">\n<div class=\"wp-block-column is-layout-flow wp-block-column-is-layout-flow\" style=\"flex-basis:33.33%\">\n<figure class=\"wp-block-image size-full\"><a href=\"https:\/\/www.antareshire.nz\/\" target=\"_blank\" rel=\" noreferrer noopener\"><img loading=\"lazy\" decoding=\"async\" width=\"325\" height=\"141\" src=\"https:\/\/www.olivier.inc\/wp-content\/uploads\/AntaresHire.jpg\" alt=\"\" class=\"wp-image-3216\" srcset=\"https:\/\/www.olivier.inc\/wp-content\/uploads\/AntaresHire.jpg 325w, https:\/\/www.olivier.inc\/wp-content\/uploads\/AntaresHire-300x130.jpg 300w\" sizes=\"auto, (max-width: 325px) 100vw, 325px\" \/><\/a><\/figure><\/div>\n\n\n\n<div class=\"wp-block-column is-layout-flow wp-block-column-is-layout-flow\" style=\"flex-basis:66.66%\">\n<p><a href=\"https:\/\/www.antareshire.nz\/\" target=\"_blank\" rel=\"noopener\" title=\"\">Antares<\/a> est notre distributeur officiel de la technologie Olivier en Nouvelle-Z\u00e9lande et en Australie. Ils fournissent des solutions de fondation sp\u00e9cialis\u00e9es, incluant machines, outillage et support technique, pour les entrepreneurs travaillant avec des syst\u00e8mes de pieux avanc\u00e9s et des techniques de refoulement du sol.<\/p>\n<\/div>\n<\/div>\n\n<hr class=\"wp-block-separator has-alpha-channel-opacity\"\/>\n\n<div class=\"wp-block-columns is-layout-flex wp-container-core-columns-is-layout-28f84493 wp-block-columns-is-layout-flex\">\n<div class=\"wp-block-column is-layout-flow wp-block-column-is-layout-flow\" style=\"flex-basis:33.33%\">\n<figure class=\"wp-block-image size-full\"><a href=\"https:\/\/lemondeintl.ca\/\" target=\"_blank\" rel=\" noreferrer noopener\"><img loading=\"lazy\" decoding=\"async\" width=\"392\" height=\"48\" src=\"https:\/\/www.olivier.inc\/wp-content\/uploads\/LeMonde.png\" alt=\"\" class=\"wp-image-3235\" srcset=\"https:\/\/www.olivier.inc\/wp-content\/uploads\/LeMonde.png 392w, https:\/\/www.olivier.inc\/wp-content\/uploads\/LeMonde-300x37.png 300w, https:\/\/www.olivier.inc\/wp-content\/uploads\/LeMonde-390x48.png 390w\" sizes=\"auto, (max-width: 392px) 100vw, 392px\" \/><\/a><\/figure><\/div>\n\n\n\n<div class=\"wp-block-column is-layout-flow wp-block-column-is-layout-flow\" style=\"flex-basis:66.66%\">\n<p><a href=\"https:\/\/lemondeintl.ca\/\" target=\"_blank\" rel=\"noopener\" title=\"\">Le Monde International<\/a> est notre partenaire officiel pour la distribution de la technologie Olivier au Canada. Ils soutiennent les entreprises de fondation en leur offrant un acc\u00e8s \u00e0 nos syst\u00e8mes brevet\u00e9s, \u00e0 notre outillage sp\u00e9cialis\u00e9 et \u00e0 notre expertise technique, permettant ainsi d\u2019ex\u00e9cuter des projets avec pr\u00e9cision, efficacit\u00e9 et selon les normes de qualit\u00e9 les plus \u00e9lev\u00e9es.<\/p>\n<\/div>\n<\/div>\n\n<hr class=\"wp-block-separator has-alpha-channel-opacity\"\/>\n\n<div class=\"wp-block-columns is-layout-flex wp-container-core-columns-is-layout-28f84493 wp-block-columns-is-layout-flex\">\n<div class=\"wp-block-column is-layout-flow wp-block-column-is-layout-flow\" style=\"flex-basis:33.33%\">\n<figure class=\"wp-block-image size-full\"><a href=\"https:\/\/www.yellowadvisor.com\/\" target=\"_blank\" rel=\" noreferrer noopener\"><img loading=\"lazy\" decoding=\"async\" width=\"257\" height=\"44\" src=\"https:\/\/www.olivier.inc\/wp-content\/uploads\/YellowAdvisor.png\" alt=\"\" class=\"wp-image-3182\"\/><\/a><\/figure><\/div>\n\n\n\n<div class=\"wp-block-column is-layout-flow wp-block-column-is-layout-flow\" style=\"flex-basis:66.66%\">\n<p>Pour des avis fiables et des conseils complets sur les \u00e9quipements et machines industriels, nous collaborons avec <a href=\"https:\/\/www.yellowadvisor.com\/\" target=\"_blank\" rel=\"noopener\" title=\"\">YellowAdvisor<\/a>, notre partenaire de confiance pour des \u00e9valuations et analyses d\u00e9taill\u00e9es. Visitez leur plateforme <a href=\"https:\/\/www.yellowadvisor.com\/\" target=\"_blank\" rel=\"noopener\" title=\"\">ici<\/a> pour en savoir plus.<\/p>\n<\/div>\n<\/div>\n\n<hr class=\"wp-block-separator has-alpha-channel-opacity\"\/>\n\n<div class=\"wp-block-columns is-layout-flex wp-container-core-columns-is-layout-28f84493 wp-block-columns-is-layout-flex\">\n<div class=\"wp-block-column is-layout-flow wp-block-column-is-layout-flow\" style=\"flex-basis:33.33%\">\n<figure class=\"wp-block-image size-full\"><a href=\"https:\/\/www.cll.net.nz\/\" target=\"_blank\" rel=\" noreferrer noopener\"><img loading=\"lazy\" decoding=\"async\" width=\"215\" height=\"60\" src=\"https:\/\/www.olivier.inc\/wp-content\/uploads\/CLL.png\" alt=\"\" class=\"wp-image-3217\"\/><\/a><\/figure><\/div>\n\n\n\n<div class=\"wp-block-column is-layout-flow wp-block-column-is-layout-flow\" style=\"flex-basis:66.66%\">\n<p><a href=\"https:\/\/www.cll.net.nz\/\" target=\"_blank\" rel=\"noopener\" title=\"\">CLL<\/a> applique en tant que partenaire exclusif en Nouvelle-Z\u00e9lande l\u2019ensemble des technologies Olivier, y compris le pieu Olivier et le syst\u00e8me Olivier DPA. Gr\u00e2ce \u00e0 leur expertise et \u00e0 leur \u00e9quipement de haute qualit\u00e9, ils offrent des solutions de fondation pr\u00e9cises, efficaces et durables, tant pour les pieux que pour l\u2019am\u00e9lioration des sols.<\/p>\n<\/div>\n<\/div>\n","protected":false},"excerpt":{"rendered":"<p>Liens externes et partenaires soutenus par Olivier, dont GVD Palen, CloudPiling, Antares, Le Monde International, YellowAdvisor et CLL, illustrant les collaborations en technologie de fondation.<\/p>\n","protected":false},"author":2,"featured_media":0,"parent":0,"menu_order":0,"comment_status":"closed","ping_status":"closed","template":"","meta":{"colormag_page_container_layout":"default_layout","colormag_page_sidebar_layout":"default_layout","_uf_show_specific_survey":0,"_uf_disable_surveys":false,"footnotes":""},"class_list":["post-3195","page","type-page","status-publish","hentry"],"aioseo_notices":[],"_links":{"self":[{"href":"https:\/\/www.olivier.inc\/fr\/wp-json\/wp\/v2\/pages\/3195","targetHints":{"allow":["GET"]}}],"collection":[{"href":"https:\/\/www.olivier.inc\/fr\/wp-json\/wp\/v2\/pages"}],"about":[{"href":"https:\/\/www.olivier.inc\/fr\/wp-json\/wp\/v2\/types\/page"}],"author":[{"embeddable":true,"href":"https:\/\/www.olivier.inc\/fr\/wp-json\/wp\/v2\/users\/2"}],"replies":[{"embeddable":true,"href":"https:\/\/www.olivier.inc\/fr\/wp-json\/wp\/v2\/comments?post=3195"}],"version-history":[{"count":4,"href":"https:\/\/www.olivier.inc\/fr\/wp-json\/wp\/v2\/pages\/3195\/revisions"}],"predecessor-version":[{"id":3786,"href":"https:\/\/www.olivier.inc\/fr\/wp-json\/wp\/v2\/pages\/3195\/revisions\/3786"}],"wp:attachment":[{"href":"https:\/\/www.olivier.inc\/fr\/wp-json\/wp\/v2\/media?parent=3195"}],"curies":[{"name":"wp","href":"https:\/\/api.w.org\/{rel}","templated":true}]}}