{"id":2874,"date":"2024-11-29T20:51:15","date_gmt":"2024-11-29T19:51:15","guid":{"rendered":"https:\/\/www.olivier.inc\/conditions\/"},"modified":"2024-11-29T20:54:03","modified_gmt":"2024-11-29T19:54:03","slug":"conditions","status":"publish","type":"page","link":"https:\/\/www.olivier.inc\/fr\/conditions\/","title":{"rendered":"Conditions"},"content":{"rendered":"\n<p><a href=\"https:\/\/www.olivier.inc\/wp-content\/uploads\/ConditionsFR.pdf\" target=\"_blank\" rel=\"noopener\" title=\"\">T\u00e9l\u00e9charger conditions g\u00e9n\u00e9rales SA Olivier<\/a><\/p>\n\n<p><\/p>\n","protected":false},"excerpt":{"rendered":"<p>T\u00e9l\u00e9charger conditions g\u00e9n\u00e9rales SA Olivier<\/p>\n","protected":false},"author":2,"featured_media":0,"parent":0,"menu_order":0,"comment_status":"closed","ping_status":"closed","template":"","meta":{"colormag_page_container_layout":"default_layout","colormag_page_sidebar_layout":"default_layout","_uf_show_specific_survey":0,"_uf_disable_surveys":false,"footnotes":""},"class_list":["post-2874","page","type-page","status-publish","hentry"],"aioseo_notices":[],"_links":{"self":[{"href":"https:\/\/www.olivier.inc\/fr\/wp-json\/wp\/v2\/pages\/2874","targetHints":{"allow":["GET"]}}],"collection":[{"href":"https:\/\/www.olivier.inc\/fr\/wp-json\/wp\/v2\/pages"}],"about":[{"href":"https:\/\/www.olivier.inc\/fr\/wp-json\/wp\/v2\/types\/page"}],"author":[{"embeddable":true,"href":"https:\/\/www.olivier.inc\/fr\/wp-json\/wp\/v2\/users\/2"}],"replies":[{"embeddable":true,"href":"https:\/\/www.olivier.inc\/fr\/wp-json\/wp\/v2\/comments?post=2874"}],"version-history":[{"count":3,"href":"https:\/\/www.olivier.inc\/fr\/wp-json\/wp\/v2\/pages\/2874\/revisions"}],"predecessor-version":[{"id":2878,"href":"https:\/\/www.olivier.inc\/fr\/wp-json\/wp\/v2\/pages\/2874\/revisions\/2878"}],"wp:attachment":[{"href":"https:\/\/www.olivier.inc\/fr\/wp-json\/wp\/v2\/media?parent=2874"}],"curies":[{"name":"wp","href":"https:\/\/api.w.org\/{rel}","templated":true}]}}