{"id":2012,"date":"2021-09-05T11:20:46","date_gmt":"2021-09-05T09:20:46","guid":{"rendered":"https:\/\/www.olivier.inc\/materiel-refoulement-du-sol\/pieux-a-refoulement-avec-hauteur-limitee\/"},"modified":"2025-12-19T08:28:11","modified_gmt":"2025-12-19T07:28:11","slug":"pieux-a-refoulement-avec-hauteur-limitee","status":"publish","type":"page","link":"https:\/\/www.olivier.inc\/fr\/outils\/pieux-a-refoulement-avec-hauteur-limitee\/","title":{"rendered":"Pieux a refoulement avec hauteur limit\u00e9e"},"content":{"rendered":"\n<p>Des pieux a refoulement avec une profondeur de 15m et une hauteur limit\u00e9e \u00e0 6m?<\/p>\n\n<p>Avec le syst\u00e8me Olivier pour des pieux a refoulement avec hauteur limit\u00e9e, c&rsquo;est parfaitement possible.<\/p>\n\n<p>Le nouveau raccord brevet\u00e9 Olivier CD permet de raccorder rapidement de courts morceaux de tiges de forage.<\/p>\n\n<ul class=\"wp-block-list\">\n<li>Pas de tubes perdues<\/li>\n\n\n\n<li>Pas de grouting<\/li>\n\n\n\n<li>Pas de soudure<\/li>\n\n\n\n<li>Petits et grands diam\u00e8tres de pieux<\/li>\n\n\n\n<li>Les tari\u00e8res Olivier existantes peuvent \u00eatre utilis\u00e9es.<\/li>\n\n\n\n<li>&#8230;<\/li>\n<\/ul>\n\n<p>Application du nouveau syst\u00e8me d&rsquo;accoupleur rapide Olivier :<\/p>\n\n<figure class=\"wp-block-embed is-type-video is-provider-youtube wp-block-embed-youtube wp-embed-aspect-16-9 wp-has-aspect-ratio\"><div class=\"wp-block-embed__wrapper\">\r\n<iframe loading=\"lazy\" title=\"Morris-Shea DeWaal Screw Piles (Renton, WA Home Depot Project)\" width=\"800\" height=\"450\" src=\"https:\/\/www.youtube.com\/embed\/4yW3tzat0Wc?feature=oembed\" frameborder=\"0\" allow=\"accelerometer; autoplay; clipboard-write; encrypted-media; gyroscope; picture-in-picture; web-share\" allowfullscreen><\/iframe>\r\n<\/div><\/figure>\n\n<figure class=\"wp-block-image size-large\"><img loading=\"lazy\" decoding=\"async\" width=\"1024\" height=\"653\" src=\"https:\/\/www.olivier.inc\/wp-content\/uploads\/\/Uitvoeringsmethode-1024x653.png\" alt=\"\" class=\"wp-image-1723\" srcset=\"https:\/\/www.olivier.inc\/wp-content\/uploads\/Uitvoeringsmethode-1024x653.png 1024w, https:\/\/www.olivier.inc\/wp-content\/uploads\/Uitvoeringsmethode-300x191.png 300w, https:\/\/www.olivier.inc\/wp-content\/uploads\/Uitvoeringsmethode-768x490.png 768w, https:\/\/www.olivier.inc\/wp-content\/uploads\/Uitvoeringsmethode-1536x980.png 1536w, https:\/\/www.olivier.inc\/wp-content\/uploads\/Uitvoeringsmethode-2048x1307.png 2048w\" sizes=\"auto, (max-width: 1024px) 100vw, 1024px\" \/><\/figure>","protected":false},"excerpt":{"rendered":"<p>Syst\u00e8me Olivier pour pieux \u00e0 d\u00e9placement total en hauteur limit\u00e9e, avec accouplement CD brevet\u00e9 pour un assemblage rapide sans tubage perdu ni injection de coulis.<\/p>\n","protected":false},"author":2,"featured_media":1722,"parent":1510,"menu_order":0,"comment_status":"closed","ping_status":"closed","template":"","meta":{"colormag_page_container_layout":"default_layout","colormag_page_sidebar_layout":"default_layout","_uf_show_specific_survey":0,"_uf_disable_surveys":false,"footnotes":""},"class_list":["post-2012","page","type-page","status-publish","has-post-thumbnail","hentry"],"aioseo_notices":[],"_links":{"self":[{"href":"https:\/\/www.olivier.inc\/fr\/wp-json\/wp\/v2\/pages\/2012","targetHints":{"allow":["GET"]}}],"collection":[{"href":"https:\/\/www.olivier.inc\/fr\/wp-json\/wp\/v2\/pages"}],"about":[{"href":"https:\/\/www.olivier.inc\/fr\/wp-json\/wp\/v2\/types\/page"}],"author":[{"embeddable":true,"href":"https:\/\/www.olivier.inc\/fr\/wp-json\/wp\/v2\/users\/2"}],"replies":[{"embeddable":true,"href":"https:\/\/www.olivier.inc\/fr\/wp-json\/wp\/v2\/comments?post=2012"}],"version-history":[{"count":5,"href":"https:\/\/www.olivier.inc\/fr\/wp-json\/wp\/v2\/pages\/2012\/revisions"}],"predecessor-version":[{"id":3801,"href":"https:\/\/www.olivier.inc\/fr\/wp-json\/wp\/v2\/pages\/2012\/revisions\/3801"}],"up":[{"embeddable":true,"href":"https:\/\/www.olivier.inc\/fr\/wp-json\/wp\/v2\/pages\/1510"}],"wp:featuredmedia":[{"embeddable":true,"href":"https:\/\/www.olivier.inc\/fr\/wp-json\/wp\/v2\/media\/1722"}],"wp:attachment":[{"href":"https:\/\/www.olivier.inc\/fr\/wp-json\/wp\/v2\/media?parent=2012"}],"curies":[{"name":"wp","href":"https:\/\/api.w.org\/{rel}","templated":true}]}}