{"id":1814,"date":"2021-06-02T12:25:00","date_gmt":"2021-06-02T10:25:00","guid":{"rendered":"https:\/\/www.olivier.inc\/politique-vie-privee\/"},"modified":"2025-12-19T08:22:06","modified_gmt":"2025-12-19T07:22:06","slug":"politique-vie-privee","status":"publish","type":"page","link":"https:\/\/www.olivier.inc\/fr\/politique-vie-privee\/","title":{"rendered":"Politique vie priv\u00e9e"},"content":{"rendered":"\n<h2 class=\"wp-block-heading\" id=\"vertrouwelijke-verwerking-van-persoonsgegevens\">Traitement confidentiel des donn\u00e9es personnelles<\/h2>\n\n<p>OLIVIER NV attache la plus haute importance \u00e0 la vie priv\u00e9e de ses utilisateurs. La pr\u00e9sente politique en mati\u00e8re de vie priv\u00e9e (ci-apr\u00e8s d\u00e9nomm\u00e9e \u00ab\u00a0Politique vie priv\u00e9e\u00a0\u00bb) s&rsquo;applique, entre autres, \u00e0 notre site Web https:\/\/www.olivier.inc (ci-apr\u00e8s d\u00e9nomm\u00e9 le \u201csite Web\u201d) et \u00e0 toutes les relations (commerciales) existant entre OLIVIER NV et ses clients, prospects et partenaires commerciaux.<\/p>\n\n<p>Si, malgr\u00e9 cela, vous nous fournissez des donn\u00e9es personnelles, nous les traiterons de mani\u00e8re confidentielle, conform\u00e9ment aux dispositions suivantes et aux prescriptions l\u00e9gales nationales et internationales.<br\/>OLIVIER NV tient \u00e0 souligner qu&rsquo;elle s\u2019efforce en tout temps d&rsquo;agir conform\u00e9ment \u00e0 (i) \u00e0 la loi belge du 8 d\u00e9cembre 1992 relative \u00e0 la protection de la vie priv\u00e9e \u00e0 l&rsquo;\u00e9gard des traitements de donn\u00e9es \u00e0 caract\u00e8re personnel et (ii) le R\u00e8glement europ\u00e9en 2016\/679 relatif \u00e0 la protection des personnes physiques \u00e0 l&rsquo;\u00e9gard du traitement des donn\u00e9es \u00e0 caract\u00e8re personnel et \u00e0 la libre circulation de ces donn\u00e9es.<\/p>\n\n<p>La pr\u00e9sente D\u00e9claration de Confidentialit\u00e9 contient entre autres des informations sur les donn\u00e9es \u00e0 caract\u00e8re personnel que OLIVIER NV collecte, ainsi que sur la mani\u00e8re dont OLIVIER NV utilise et traite ces donn\u00e9es \u00e0 caract\u00e8re personnel.<\/p>\n\n<p><\/p>\n\n<h3 class=\"wp-block-heading\">Leadinfo<\/h3>\n\n<p>Nous utilisons le service de g\u00e9n\u00e9ration de leads de Leadinfo B.V., Rotterdam, Pays-Bas. L&rsquo;outil reconna\u00eet les visites des entreprises sur notre site web sur la base des adresses IP et nous montre des informations accessibles au public, telles que les noms ou les adresses des entreprises. En outre, Leadinfo met en place deux cookies de premi\u00e8re partie, pour \u00e9valuer le comportement des utilisateurs sur notre site web et traite les domaines des entr\u00e9es de formulaire (par exemple \u00ab\u00a0Leadinfo.com\u00a0\u00bb) pour corr\u00e9ler les adresses IP avec les entreprises et am\u00e9liorer les services. De plus amples informations sont disponibles sur le site <a href=\"http:\/\/www.leadinfo.com\/\" target=\"_blank\" rel=\"noreferrer noopener\">www.leadinfo.com<\/a>. Sur cette page <a href=\"https:\/\/www.leadinfo.com\/en\/opt-out\" target=\"_blank\" rel=\"noreferrer noopener\">: https:\/\/www.leadinfo.com\/en\/opt-out<\/a> vous disposez d&rsquo;une option de refus. Si vous vous d\u00e9sistez, vos donn\u00e9es ne seront plus enregistr\u00e9es par Leadinfo.<\/p>\n\n<p><\/p>\n\n<h2 class=\"wp-block-heading\" id=\"categorieen-van-verwerkte-persoonsgegevens\">Cat\u00e9gories de donn\u00e9es personnelles trait\u00e9es<\/h2>\n\n<p>Les informations que vous nous fournissez peuvent comprendre des donn\u00e9es personnelles. Les \u00ab\u00a0Donn\u00e9es \u00e0 caract\u00e8re personnel\u00a0\u00bb sont toutes les donn\u00e9es concernant une personne physique directement ou indirectement identifi\u00e9e ou identifiable (\u00ab\u00a0la personne concern\u00e9e\u00a0\u00bb); elle est identifiable en tant que personne physique pouvant \u00eatre identifi\u00e9e directement ou indirectement, notamment au moyen d&rsquo;un indicateur tel qu&rsquo;un nom, un num\u00e9ro d&rsquo;identification, des donn\u00e9es de localisation, un identifiant en ligne ou sur la base d&rsquo;un ou plusieurs \u00e9l\u00e9ments caract\u00e9ristiques de l\u2019identit\u00e9 physiologique, g\u00e9n\u00e9tique, psychologique, \u00e9conomique, culturelle ou sociale de cette personne physique.<\/p>\n\n<p>OLIVIER NV peut collecter et traiter les donn\u00e9es personnelles suivantes:<\/p>\n\n<ul class=\"wp-block-list\">\n<li>Nom:<\/li>\n\n\n\n<li>Pr\u00e9nom:<\/li>\n\n\n\n<li>Adresse mail:<\/li>\n\n\n\n<li>Num\u00e9ro de t\u00e9l\u00e9phone:<\/li>\n\n\n\n<li>Nom de l\u2019entreprise:<\/li>\n\n\n\n<li>Informations de correspondance \u00e9mises par OLIVIER NV et envoy\u00e9es \u00e0 elle.<\/li>\n\n\n\n<li>Toute autre donn\u00e9e que vous fournissez vous-m\u00eame<\/li>\n<\/ul>\n\n<h2 class=\"wp-block-heading\" id=\"doel-van-de-verwerking\">Finalit\u00e9 du traitement<\/h2>\n\n<p>Si vous nous fournissez vos donn\u00e9es personnelles, celles-ci seront reprises dans notre base de donn\u00e9es afin:<\/p>\n\n<ul class=\"wp-block-list\">\n<li>Am\u00e9liorer la qualit\u00e9 de nos services et informations;<\/li>\n\n\n\n<li>Vous informer par des conseils et des nouveaut\u00e9s;<\/li>\n\n\n\n<li>Vous informer concernant les services que nous proposons;<\/li>\n\n\n\n<li>\u00c0 des fins statistiques;<\/li>\n<\/ul>\n\n<h2 class=\"wp-block-heading\" id=\"toestemming-voor-de-verwerking\">Consentement au traitement<\/h2>\n\n<p>Vous avez le droit de retirer votre consentement au traitement \u00e0 tout moment. Cependant, le retrait de votre consentement n&rsquo;affectera pas la l\u00e9galit\u00e9 d\u2019un traitement qui aurait d\u00e9j\u00e0 eu lieu avant le retrait de votre consentement. Si vous souhaitez retirer votre consentement, vous pouvez en informer OLIVIER NV \u00e0 l&rsquo;adresse e-mail suivante : <a href=\"mailto:info@olivier.inc\" target=\"_blank\" rel=\"noreferrer noopener\">info@olivier.inc<\/a>.<\/p>\n\n<h2 class=\"wp-block-heading\" id=\"openbaarmaking-persoonsgegevens-aan-derden\">Divulgation de donn\u00e9es personnelles \u00e0 des tiers<\/h2>\n\n<p>OLIVIER NV ne divulguera pas vos donn\u00e9es personnelles \u00e0 des tiers, \u00e0 moins que cela ne soit n\u00e9cessaire dans le cadre de l&rsquo;ex\u00e9cution des services par OLIVIER NV et en vue de leur optimisation (notamment, la liste qui suit n\u2019\u00e9tant pas exhaustive : la maintenance, la gestion des paiements, gestion de bases de donn\u00e9es). S&rsquo;il est n\u00e9cessaire que OLIVIER NV divulgue vos donn\u00e9es personnelles \u00e0 des tiers dans ce contexte, le tiers en question sera tenu d&rsquo;utiliser vos donn\u00e9es personnelles conform\u00e9ment aux dispositions de la pr\u00e9sente Politique vie priv\u00e9e.<\/p>\n\n<p>Nonobstant ce qui pr\u00e9c\u00e8de, il est possible que OLIVIER NV divulgue vos donn\u00e9es personnelles aux autorit\u00e9s comp\u00e9tentes (i) si la loi l\u2019impose \u00e0 OLIVIER NV ou dans le cadre de proc\u00e9dures judiciaires en cours ou futures et (ii) en garantie et d\u00e9fense de nos droits.<\/p>\n\n<p>Dans tous les autres cas, OLIVIER NV ne vendra, ne louera ni ne transmettra vos donn\u00e9es personnelles \u00e0 des tiers, sauf si elle a (i) obtenu votre consentement et (ii) conclu un accord de traitement des donn\u00e9es avec le tiers concern\u00e9, accord qui pr\u00e9voit la confidentialit\u00e9 et la conformit\u00e9 au respect de la vie priv\u00e9e de vos donn\u00e9es personnelles.<\/p>\n\n<h2 class=\"wp-block-heading\" id=\"opslag-persoonsgegevens\">Stockage de donn\u00e9es personnelles<\/h2>\n\n<p>Sauf si un d\u00e9lai de conservation plus long est n\u00e9cessaire ou justifi\u00e9 (i) par la loi ou (ii) pour respecter toute autre obligation l\u00e9gale, OLIVIER NV ne conservera vos donn\u00e9es personnelles que pendant la p\u00e9riode n\u00e9cessaire pour atteindre et remplir les objectifs, comme d\u00e9crit dans la Politique vie priv\u00e9e sous le point \u00ab\u00a0Utilisation des donn\u00e9es personnelles\u00a0\u00bb.<\/p>\n\n<h2 class=\"wp-block-heading\" id=\"uw-rechten\">Vos droits<\/h2>\n\n<ul class=\"wp-block-list\">\n<li>Droit \u00e0 l&rsquo;information : Si vous souhaitez faire valoir vos droits ou si vous avez des questions concernant le traitement de vos donn\u00e9es, veuillez contacter <a href=\"mailto:info@olivier.inc\" target=\"_blank\" rel=\"noreferrer noopener\">info@olivier.inc<\/a>; <\/li>\n\n\n\n<li>Droit d&rsquo;acc\u00e8s: En tant qu\u2019utilisateur, vous avez le droit d&rsquo;acc\u00e9der aux donn\u00e9es personnelles dont OLIVIER NV peut disposer vous concernant;<\/li>\n\n\n\n<li>Droit de rectification, de compl\u00e9tude ou de mise \u00e0 jour de vos donn\u00e9es personnelles;<\/li>\n\n\n\n<li>Droit de suppression de vos donn\u00e9es personnelles;<\/li>\n\n\n\n<li>Droit \u00e0 la limitation du traitement de vos donn\u00e9es personnelles: Dans certaines circonstances, vous avez le droit de demander \u00e0 OLIVIER NV de limiter le traitement de vos donn\u00e9es personnelles;<\/li>\n\n\n\n<li>Droit \u00e0 la portabilit\u00e9 de vos donn\u00e9es personnelles;<\/li>\n\n\n\n<li>Droit de d\u00e9sinscription \/ d\u2019opposition au traitement de vos donn\u00e9es personnelles.<\/li>\n<\/ul>\n\n<h2 class=\"wp-block-heading\" id=\"beveiliging-persoonsgegevens\">S\u00e9curit\u00e9 des donn\u00e9es personnelles<\/h2>\n\n<p>OLIVIER NV s\u2019engage \u00e0 prendre toutes les mesures physiques, techniques et organisationnelles raisonnables afin d&rsquo;\u00e9viter (i) l&rsquo;acc\u00e8s non-autoris\u00e9 \u00e0 vos donn\u00e9es personnelles, (ii) la perte, l&rsquo;abus ou la modification de vos donn\u00e9es personnelles.<\/p>\n\n<h2 class=\"wp-block-heading\" id=\"grensoverschrijdend-verwerking-persoonsgegevens\">Traitement transfrontalier des donn\u00e9es personnelles<\/h2>\n\n<p>OLIVIER NV garantit qu&rsquo;aucun transfert de donn\u00e9es \u00e0 caract\u00e8re personnel n&rsquo;aura lieu en dehors de l&rsquo;Europe ou de l&rsquo;Espace \u00e9conomique europ\u00e9en (EEE).<\/p>\n\n<h2 class=\"wp-block-heading\" id=\"update-privacy-verklaring\">Mises \u00e0 jour de la Politique vie priv\u00e9e<\/h2>\n\n<p>OLIVIER NV peut \u00e0 tout moment modifier et mettre \u00e0 jour la Politique vie priv\u00e9e sans pr\u00e9avis, en pla\u00e7ant une nouvelle version sur le site Web.<\/p>\n\n<p>Pour cette raison, nous vous recommandons vivement de consulter r\u00e9guli\u00e8rement le Site et la page sur laquelle la Politique vie priv\u00e9e est affich\u00e9e afin d\u2019\u00eatre inform\u00e9 de toute modification. La date de la version la plus r\u00e9cente est toujours mise \u00e0 jour et se trouve au bas de la Politique vie priv\u00e9e.<\/p>\n\n<h2 class=\"wp-block-heading\" id=\"vragen-en-klachten\">Questions et plaintes<\/h2>\n\n<p>Pour toute question concernant la Politique vie priv\u00e9e ou sur la mani\u00e8re dont OLIVIER NV collecte, utilise ou traite vos donn\u00e9es personnelles, veuillez nous contacter:<\/p>\n\n<ul class=\"wp-block-list\">\n<li>Par e-mail: <a href=\"mailto:info@olivier.inc\" target=\"_blank\" rel=\"noreferrer noopener\">info@olivier.inc<\/a> <\/li>\n\n\n\n<li>Par la poste: OLIVIER NV, Schaapbruggestraat 26, 8800 Rumbeke , Belgique<\/li>\n\n\n\n<li>Par t\u00e9l\u00e9phone : +32 51 26 00 26<\/li>\n<\/ul>\n\n<p>Si vous avez une plainte concernant la mani\u00e8re dont OLIVIER NV collecte, utilise et\/ou traite vos donn\u00e9es personnelles, vous pouvez introduire une r\u00e9clamation aupr\u00e8s de la Commission de la protection de la vie priv\u00e9e.<\/p>\n\n<p>Version de la Politique vie priv\u00e9e: 12\/02\/2022<\/p>\n\n<h1 class=\"wp-block-heading\" id=\"cookie-policy\">Politique en mati\u00e8re de gestion des cookies<\/h1>\n\n<h2 class=\"wp-block-heading\" id=\"introductie\">G\u00e9n\u00e9ralit\u00e9s<\/h2>\n\n<p>OLIVIER NV (avec si\u00e8ge social \u00e0 Schaapbruggestraat 26, 8800 Rumbeke et BCE n\u00b0 0430.128.583) utilise sur son site Web (https:\/\/www.olivier.inc\/) des cookies qui sont g\u00e9r\u00e9s en son propre nom (cookies propri\u00e9taires) ainsi que les cookies plac\u00e9s et g\u00e9r\u00e9s par des tiers (cookies tiers). Dans cette politique relative aux cookies, OLIVIER NV vous informe sur l&rsquo;utilisation et le but de ces cookies.<\/p>\n\n<h2 class=\"wp-block-heading\" id=\"wat-zijn-cookies\">Que sont les cookies?<\/h2>\n\n<p>Les cookies sont des petits fichiers de donn\u00e9es ou de texte qui sont install\u00e9s sur votre ordinateur ou votre appareil mobile lorsque vous visitez un site Web qui enregistre des informations sur l&rsquo;utilisateur. Les fichiers de cookies contiennent des codes uniques qui, par exemple, permettent \u00e0 votre navigateur de vous reconna\u00eetre lorsque vous visitez notre site Web et d&rsquo;am\u00e9liorer ainsi votre exp\u00e9rience utilisateur. Lors d&rsquo;une visite ult\u00e9rieure sur le site Web, il m\u00e9morisera, sur la base des cookies, des informations sur vos pr\u00e9f\u00e9rences (par exemple, le choix de la langue, les entreprises pr\u00e9f\u00e9r\u00e9es, les recherches r\u00e9centes, etc.).<\/p>\n\n<p>Les cookies ont une date d&rsquo;expiration selon qu&rsquo;il s&rsquo;agit de cookies de session ou de cookies persistants. Les cookies de session contiennent des informations qui sont utilis\u00e9es au cours de la session actuelle de votre navigateur. Ces cookies sont automatiquement supprim\u00e9s lorsque vous fermez votre navigateur.<\/p>\n\n<p>Les cookies persistants sont utilis\u00e9s pour stocker des informations au cours de toutes les visites sur le site Web. Ces donn\u00e9es permettent au site Web de vous reconna\u00eetre en tant que visiteur r\u00e9gulier et donc de r\u00e9agir en cons\u00e9quence, par exemple en enregistrant vos pr\u00e9f\u00e9rences linguistiques. Les cookies persistants ont une dur\u00e9e de vie plus longue, qui est d\u00e9termin\u00e9e par le site Web.<\/p>\n\n<p>Les cookies garantissent que l&rsquo;interaction entre le visiteur et le site Web est g\u00e9n\u00e9ralement plus facile et plus rapide. En utilisant des cookies, le contenu ou la publicit\u00e9 d&rsquo;un site Web peut \u00e9galement \u00eatre rendu plus pertinent pour le visiteur, car il peut \u00eatre adapt\u00e9 \u00e0 ses pr\u00e9f\u00e9rences personnelles.<\/p>\n\n<p>Le traitement des donn\u00e9es \u00e0 caract\u00e8re personnel est soumis au r\u00e8glement europ\u00e9en 2016\/679 du Parlement europ\u00e9en et du Conseil du 27 avril 2016 relatif \u00e0 la protection des personnes physiques \u00e0 l&rsquo;\u00e9gard du traitement des donn\u00e9es \u00e0 caract\u00e8re personnel et \u00e0 la libre circulation de ces donn\u00e9es et \u00e0 la loi du 30 juillet 2018 relative \u00e0 la protection des personnes physiques \u00e0 l&rsquo;\u00e9gard du traitement des donn\u00e9es \u00e0 caract\u00e8re personnel. Cette politique relative aux cookies doit \u00eatre lue conjointement avec notre politique vie priv\u00e9e.<\/p>\n\n<h2 class=\"wp-block-heading\" id=\"welke-cookies-worden-er-gebruikt-en-wat-is-hun-doel\">Pourquoi ce site web utilise-t-il des cookies ?<\/h2>\n\n<h3 class=\"wp-block-heading\" id=\"essentiele-en-functionele-cookies\">Cookies essentiels et fonctionnels<\/h3>\n\n<p>Les cookies essentiels sont n\u00e9cessaires pour que les visiteurs puissent utiliser correctement toutes les fonctions du site Web. Le site Web ne fonctionnera pas correctement sans les cookies essentiels.<\/p>\n\n<p>Les cookies fonctionnels sont utilis\u00e9s pour m\u00e9moriser les informations des visiteurs sur le site Web, telles que la langue.<\/p>\n\n<p>Ces cookies peuvent \u00eatre plac\u00e9s sans autorisation, car ils sont dans l&rsquo;int\u00e9r\u00eat l\u00e9gitime d&rsquo;OLIVIER NV.<\/p>\n\n<h3 class=\"wp-block-heading\" id=\"marketing-cookies\">Cookies marketing<\/h3>\n\n<p>Les cookies marketing sont des cookies tiers qui sont utilis\u00e9s pour suivre les visiteurs lorsqu&rsquo;ils visitent diff\u00e9rents sites Web. Leur objectif est de diffuser des annonces adapt\u00e9es et pertinentes pour l&rsquo;utilisateur individuel. Ces publicit\u00e9s deviennent plus pr\u00e9cieuses pour les \u00e9diteurs et les annonceurs tiers.<\/p>\n\n<h3 class=\"wp-block-heading\" id=\"analytische-cookies\">Cookies analytiques<\/h3>\n\n<p>Les cookies analytiques nous aident \u00e0 comprendre comment les visiteurs interagissent avec notre site Web, \u00e0 rep\u00e9rer les erreurs et \u00e0 effectuer de meilleures analyses globales.<\/p>\n\n<h2 class=\"wp-block-heading\" id=\"overzicht-van-cookies\">Aper\u00e7u des cookies<\/h2>\n\n<h3 class=\"wp-block-heading\" id=\"essentiele-cookies\">Cookies essentiels<\/h3>\n\n<figure class=\"wp-block-table\"><table><tbody><tr><td><strong>Cookie nom<\/strong><\/td><td><strong>But<\/strong><\/td><td><strong>Dur\u00e9e<\/strong><\/td><\/tr><tr><td>XSRF-TOKEN<\/td><td>Utilis\u00e9 pour des raisons de s\u00e9curit\u00e9<\/td><td>Session<\/td><\/tr><tr><td>hs<\/td><td>Utilis\u00e9 pour des raisons de s\u00e9curit\u00e9<\/td><td>Session<\/td><\/tr><tr><td>Consent-policy<\/td><td>Utilis\u00e9 pour les param\u00e8tres de banni\u00e8re de cookie<\/td><td>12 mois<\/td><\/tr><tr><td>smSession<\/td><td>Utilis\u00e9 pour identifier les membres du site connect\u00e9s<\/td><td>Session<\/td><\/tr><tr><td>TS<\/td><td>Utilis\u00e9 pour la s\u00e9curit\u00e9 et la pr\u00e9vention de la fraude<\/td><td>Session<\/td><\/tr><tr><td>bSession<\/td><td>Utilis\u00e9 pour mesurer l&rsquo;efficacit\u00e9 du syst\u00e8me<\/td><td>30 minutes<\/td><\/tr><tr><td>Fedops.logger.sessionId<\/td><td>Utilis\u00e9 pour la mesure de la stabilit\u00e9\/efficacit\u00e9<\/td><td>12 mois<\/td><\/tr><\/tbody><\/table><\/figure>\n<h3 class=\"wp-block-heading\" id=\"marketing-cookies-1\">Cookies marketing<\/h3>\n\n<figure class=\"wp-block-table\"><table><tbody><tr><td><strong>Cookie nom<\/strong><\/td><td><strong>But<\/strong><\/td><td><strong>Dur\u00e9e<\/strong><\/td><\/tr><tr><td>Fbp<\/td><td>Utilis\u00e9 pour mesurer l&rsquo;efficacit\u00e9 de la publicit\u00e9 et fournir des informations sur la fa\u00e7on dont le visiteur utilise le site Web<\/td><td>180 jours<\/td><\/tr><\/tbody><\/table><\/figure>\n<h3 class=\"wp-block-heading\" id=\"analytische-cookies-1\">Cookies analytiques<\/h3>\n\n<figure class=\"wp-block-table\"><table><tbody><tr><td><strong>Cookie nom<\/strong><\/td><td><strong>But<\/strong><\/td><td><strong>Dur\u00e9e<\/strong><\/td><\/tr><tr><td>Ga<\/td><td>Enregistre un identifiant unique qui est utilis\u00e9 pour g\u00e9n\u00e9rer des donn\u00e9es statistiques sur la fa\u00e7on dont l&rsquo;utilisateur utilise le site Web<\/td><td>2 ann\u00e9es<\/td><\/tr><tr><td>Gid<\/td><td>Enregistre un identifiant unique qui est utilis\u00e9 pour g\u00e9n\u00e9rer des donn\u00e9es statistiques sur la fa\u00e7on dont le visiteur utilise le site Web<\/td><td>24 heures<\/td><\/tr><tr><td>Gat<\/td><td>Utilis\u00e9 par Google Analytics pour voir \u00e0 quelle vitesse les demandes sont trait\u00e9es<\/td><td>10 minutes<\/td><\/tr><tr><td>Hjid<\/td><td>Utilis\u00e9 pour g\u00e9n\u00e9rer des donn\u00e9es statistiques via un identifiant sp\u00e9cifique sur la fa\u00e7on dont le visiteur utilise le site Web<\/td><td>1 ann\u00e9e<\/td><\/tr><tr><td>Utma<\/td><td>Utilis\u00e9 pour g\u00e9n\u00e9rer des statistiques lorsqu&rsquo;un visiteur a effectu\u00e9 sa premi\u00e8re et sa derni\u00e8re visite<\/td><td>2 ann\u00e9es<\/td><\/tr><tr><td>Utmz<\/td><td>Utilis\u00e9 pour indiquer la source ou la campagne de la fa\u00e7on dont l&rsquo;utilisateur a atteint le site<\/td><td>6 mois<\/td><\/tr><\/tbody><\/table><\/figure>\n<h3 class=\"wp-block-heading\">Leadinfo<\/h3>\n\n<figure class=\"wp-block-table\"><table><tbody><tr><td><strong>Fournisseur de cookies :<\/strong><\/td><td>Leadinfo B.V.<\/td><\/tr><tr><td><strong>Description :<\/strong><\/td><td>Leadinfo place deux cookies de premi\u00e8re partie qui permettent uniquement \u00e0 <em>Olivier NV<\/em> de voir le comportement sur le site web. Ces cookies ne sont pas li\u00e9s \u00e0 d&rsquo;autres informations et ne sont pas partag\u00e9s avec d&rsquo;autres parties.<\/td><\/tr><tr><td><strong>Domaine d&rsquo;accueil :<\/strong><\/td><td>Leadinfo.com<\/td><\/tr><tr><td><strong>Nom des cookies :<\/strong><\/td><td>_li_id_li_ses<\/td><\/tr><tr><td><strong>Dur\u00e9e de l&rsquo;enqu\u00eate :<\/strong><\/td><td>_li_id est conserv\u00e9 pendant deux ans. _li_ses n&rsquo;est utilis\u00e9 que pour la session en cours.<\/td><\/tr><tr><td><strong>D\u00e9claration de confidentialit\u00e9 :  <\/strong><\/td><td><a href=\"https:\/\/www.leadinfo.com\/nl\/privacy\/\" target=\"_blank\" rel=\"noreferrer noopener\">https:\/\/www.leadinfo.com\/nl\/privacy\/<\/a><\/td><\/tr><\/tbody><\/table><\/figure>\n<h2 class=\"wp-block-heading\" id=\"beheer-van-cookies\">Gestion des cookies<\/h2>\n\n<h3 class=\"wp-block-heading\" id=\"beheer-van-cookies-via-je-browser\">Gestion des cookies via votre navigateur<\/h3>\n\n<p>Si vous souhaitez emp\u00eacher l&rsquo;installation de certains cookies sur votre ordinateur, vous pouvez l&rsquo;indiquer via les param\u00e8tres de confidentialit\u00e9 de votre navigateur. Vous pouvez \u00e9galement supprimer les cookies via les param\u00e8tres de confidentialit\u00e9 de votre navigateur.<\/p>\n\n<p>Via les liens ci-dessous, vous trouverez toutes les explications n\u00e9cessaires sur la fa\u00e7on de proc\u00e9der.<\/p>\n\n<p><a href=\"http:\/\/support.mozilla.org\/nl\/kb\/cookies-verwijderen-gegevens-wissen-websites-opgeslagen\" target=\"_blank\" rel=\"noreferrer noopener\" title=\"Firefox\">Firefox<\/a><br\/><a href=\"https:\/\/support.mozilla.org\/nl\/kb\/cookies-verwijderen-gegevens-wissen-websites-opgeslagen\" target=\"_blank\" rel=\"noreferrer noopener\" title=\"Firefox\">Firefox<\/a> (mobiel)<br\/><a href=\"https:\/\/support.google.com\/chrome\/answer\/95647?hl=nl\" target=\"_blank\" rel=\"noreferrer noopener\" title=\"Chrome\">Chrome<\/a><br\/><a href=\"https:\/\/support.google.com\/chrome\/answer\/95647?hl=fr&amp;co=GENIE.Platform%3DAndroid&amp;oco=1\" target=\"_blank\" rel=\"noreferrer noopener\" title=\"Chrome\">Chrome<\/a> (mobiel)<br\/><a href=\"https:\/\/support.apple.com\/nl-be\/guide\/safari\/sfri11471\/mac\" target=\"_blank\" rel=\"noreferrer noopener\" title=\"Safari\">Safari<\/a><br\/><a href=\"https:\/\/support.apple.com\/nl-be\/HT201265\" target=\"_blank\" rel=\"noreferrer noopener\" title=\"Safari\">Safari<\/a> (mobiel)<br\/><a href=\"https:\/\/support.microsoft.com\/nl-nl\/topic\/cookies-verwijderen-en-beheren-168dab11-0753-043d-7c16-ede5947fc64d\" target=\"_blank\" rel=\"noreferrer noopener\" title=\"Internet Explorer\">Internet Explorer<\/a><br\/><a href=\"https:\/\/support.microsoft.com\/fr-fr\/microsoft-edge\/supprimer-les-cookies-dans-microsoft-edge-63947406-40ac-c3b8-57b9-2a946a29ae09\" target=\"_blank\" rel=\"noreferrer noopener\" title=\"Microsoft Edge\">Microsoft Edge<\/a><\/p>\n\n<h3 class=\"wp-block-heading\" id=\"beheer-van-cookies-via-de-website-en-de-cookie-informatiebanner\">Gestion des cookies via le site internet et le bandeau d&rsquo;informations sur les cookies<\/h3>\n\n<p>En tant qu&rsquo;utilisateur, vous pouvez indiquer vous-m\u00eame si vous souhaitez accepter uniquement les cookies essentiels ou \u00e9galement d&rsquo;autres cookies (tels que les cookies marketing, etc.). Pour ce faire, cliquez sur 1 des 2 boutons en bas du site dans le bandeau cookie : \u00ab Tout accepter \u00bb : si vous cliquez sur ce bouton en tant qu&rsquo;utilisateur, vous autorisez l&rsquo;activation \u00e0 la fois des cookies indispensables et de tous les autres types de cookies lors de votre ou vos visite(s) sur le site.<\/p>\n\n<p>\u00ab D\u00e9tails \u00bb : si vous cliquez sur ce bouton en tant qu&rsquo;utilisateur, vous verrez un aper\u00e7u de tous les types de cookies que nous pla\u00e7ons. Vous pouvez alors cocher ou d\u00e9cocher par cat\u00e9gorie quels cookies vous souhaitez accepter ou non. Les cookies essentiels, qui sont n\u00e9cessaires pour utiliser le site Web lors de votre (vos) visite(s), sont automatiquement accept\u00e9s. Confirmez ensuite votre choix via le bouton \u00ab\u00a0Enregistrer\u00a0\u00bb.<\/p>\n\n<p>En d\u00e9sactivant les cookies, certaines parties du site Web ne peuvent pas fonctionner (de mani\u00e8re optimale) et certaines fonctionnalit\u00e9s ne peuvent pas \u00eatre utilis\u00e9es.<\/p>\n\n<h2 class=\"wp-block-heading\" id=\"contact\">Contacter<\/h2>\n\n<p>Si vous avez des questions ou des commentaires concernant cette politique en mati\u00e8re de cookies, vous pouvez nous contacter par e-mail \u00e0 <a href=\"mailto:info@olivier.inc\" target=\"_blank\" rel=\"noreferrer noopener\">info@olivier.inc<\/a> ou par courrier \u00e0 OLIVIER NV, Schaapbruggestraat 26, 8800 Rumbeke<br\/>Vous trouverez de plus amples informations concernant vos droits sur <a href=\"https:\/\/www.olivier.inc\/fr\/politique-vie-privee\/\">https:\/\/www.olivier.inc\/privacy-policy\/<\/a><\/p>\n\n<p>Cette politique en mati\u00e8re de gestion des cookies a \u00e9t\u00e9 mise \u00e0 jour pour la derni\u00e8re fois le 12\/02\/2022<\/p>\n","protected":false},"excerpt":{"rendered":"<p>La politique de confidentialit\u00e9 d\u2019Olivier explique la collecte, l\u2019utilisation et la protection des donn\u00e9es personnelles, l\u2019usage des cookies, les services externes et les droits des utilisateurs selon la loi belge et europ\u00e9enne.<\/p>\n","protected":false},"author":1,"featured_media":0,"parent":0,"menu_order":0,"comment_status":"closed","ping_status":"open","template":"","meta":{"colormag_page_container_layout":"default_layout","colormag_page_sidebar_layout":"default_layout","_uf_show_specific_survey":0,"_uf_disable_surveys":false,"footnotes":""},"class_list":["post-1814","page","type-page","status-publish","hentry"],"aioseo_notices":[],"_links":{"self":[{"href":"https:\/\/www.olivier.inc\/fr\/wp-json\/wp\/v2\/pages\/1814","targetHints":{"allow":["GET"]}}],"collection":[{"href":"https:\/\/www.olivier.inc\/fr\/wp-json\/wp\/v2\/pages"}],"about":[{"href":"https:\/\/www.olivier.inc\/fr\/wp-json\/wp\/v2\/types\/page"}],"author":[{"embeddable":true,"href":"https:\/\/www.olivier.inc\/fr\/wp-json\/wp\/v2\/users\/1"}],"replies":[{"embeddable":true,"href":"https:\/\/www.olivier.inc\/fr\/wp-json\/wp\/v2\/comments?post=1814"}],"version-history":[{"count":8,"href":"https:\/\/www.olivier.inc\/fr\/wp-json\/wp\/v2\/pages\/1814\/revisions"}],"predecessor-version":[{"id":3789,"href":"https:\/\/www.olivier.inc\/fr\/wp-json\/wp\/v2\/pages\/1814\/revisions\/3789"}],"wp:attachment":[{"href":"https:\/\/www.olivier.inc\/fr\/wp-json\/wp\/v2\/media?parent=1814"}],"curies":[{"name":"wp","href":"https:\/\/api.w.org\/{rel}","templated":true}]}}