{"id":1515,"date":"2021-06-20T08:26:25","date_gmt":"2021-06-20T06:26:25","guid":{"rendered":"https:\/\/www.olivier.inc\/materiel-pour-pieux-a-refoulement\/tariere-a-refoulement-traditionnelle\/"},"modified":"2026-01-09T09:04:57","modified_gmt":"2026-01-09T08:04:57","slug":"tariere-refoulement-traditionnelle","status":"publish","type":"page","link":"https:\/\/www.olivier.inc\/fr\/outils\/tariere-refoulement-traditionnelle\/","title":{"rendered":"Tari\u00e8re \u00e0 refoulement traditionnelle"},"content":{"rendered":"\n<blockquote class=\"wp-block-quote is-layout-flow wp-block-quote-is-layout-flow\">\n<p><strong>Remarque:<\/strong> Les tari\u00e8res pour pieux FDP traditionnels ne sont fabriqu\u00e9es que sur demande sp\u00e9ciale. Ce syst\u00e8me a \u00e9t\u00e9 remplac\u00e9 par le syst\u00e8me <a href=\"https:\/\/www.olivier.inc\/fr\/outils\/olivier-dpa\/\" title=\"\">Olivier DPA<\/a>, qui offre de nombreux avantages, notamment une efficacit\u00e9 accrue, une usure r\u00e9duite et un refoulement du sol optimis\u00e9. Pour plus de d\u00e9tails, voir <a href=\"https:\/\/www.olivier.inc\/fr\/outils\/olivier-dpa\/\" title=\"\">Olivier DPA<\/a>.<\/p>\n<\/blockquote>\n\n<p>Un pieu \u00e0 refoulement du sol traditionnel est un pieu de fondation en b\u00e9ton ou en b\u00e9ton arm\u00e9 avec un f\u00fbt cylindrique. Les tari\u00e8res de forage pour r\u00e9aliser ce type de pieu sont relativement longues et lourdes.\u00a0<\/p>\n\n<figure class=\"wp-block-gallery has-nested-images columns-4 is-cropped wp-block-gallery-1 is-layout-flex wp-block-gallery-is-layout-flex\">\n<figure class=\"wp-block-image size-large\"><a href=\"https:\/\/www.olivier.inc\/wp-content\/uploads\/\/TraditionalFDPAuger-01-499x1024.jpg\"><img loading=\"lazy\" decoding=\"async\" width=\"499\" height=\"1024\" data-id=\"1277\" src=\"https:\/\/www.olivier.inc\/wp-content\/uploads\/\/TraditionalFDPAuger-01-499x1024.jpg\" alt=\"Tari&#xE8;re &#xE0; refoulement traditionnelle\" class=\"wp-image-1277\" srcset=\"https:\/\/www.olivier.inc\/wp-content\/uploads\/TraditionalFDPAuger-01-499x1024.jpg 499w, https:\/\/www.olivier.inc\/wp-content\/uploads\/TraditionalFDPAuger-01-146x300.jpg 146w, https:\/\/www.olivier.inc\/wp-content\/uploads\/TraditionalFDPAuger-01-768x1577.jpg 768w, https:\/\/www.olivier.inc\/wp-content\/uploads\/TraditionalFDPAuger-01-748x1536.jpg 748w, https:\/\/www.olivier.inc\/wp-content\/uploads\/TraditionalFDPAuger-01-997x2048.jpg 997w, https:\/\/www.olivier.inc\/wp-content\/uploads\/TraditionalFDPAuger-01.jpg 1200w\" sizes=\"auto, (max-width: 499px) 100vw, 499px\" \/><\/a><\/figure>\n\n\n<figure class=\"wp-block-image size-large\"><a href=\"https:\/\/www.olivier.inc\/wp-content\/uploads\/TraditionalFDPAuger-02-scaled.jpg\"><img loading=\"lazy\" decoding=\"async\" width=\"768\" height=\"1024\" data-id=\"1280\" src=\"https:\/\/www.olivier.inc\/wp-content\/uploads\/\/TraditionalFDPAuger-02-768x1024.jpg\" alt=\"Tari&#xE8;re &#xE0; refoulement traditionnelle\" class=\"wp-image-1280\" srcset=\"https:\/\/www.olivier.inc\/wp-content\/uploads\/TraditionalFDPAuger-02-768x1024.jpg 768w, https:\/\/www.olivier.inc\/wp-content\/uploads\/TraditionalFDPAuger-02-225x300.jpg 225w, https:\/\/www.olivier.inc\/wp-content\/uploads\/TraditionalFDPAuger-02-1152x1536.jpg 1152w, https:\/\/www.olivier.inc\/wp-content\/uploads\/TraditionalFDPAuger-02-1536x2048.jpg 1536w, https:\/\/www.olivier.inc\/wp-content\/uploads\/TraditionalFDPAuger-02-scaled.jpg 1920w\" sizes=\"auto, (max-width: 768px) 100vw, 768px\" \/><\/a><\/figure>\n\n\n<figure class=\"wp-block-image size-large\"><a href=\"https:\/\/www.olivier.inc\/wp-content\/uploads\/TraditionalFDPAuger-03-scaled.jpg\"><img loading=\"lazy\" decoding=\"async\" width=\"768\" height=\"1024\" data-id=\"1287\" src=\"https:\/\/www.olivier.inc\/wp-content\/uploads\/\/TraditionalFDPAuger-03-768x1024.jpg\" alt=\"Tari&#xE8;re &#xE0; refoulement traditionnelle\" class=\"wp-image-1287\" srcset=\"https:\/\/www.olivier.inc\/wp-content\/uploads\/TraditionalFDPAuger-03-768x1024.jpg 768w, https:\/\/www.olivier.inc\/wp-content\/uploads\/TraditionalFDPAuger-03-225x300.jpg 225w, https:\/\/www.olivier.inc\/wp-content\/uploads\/TraditionalFDPAuger-03-1152x1536.jpg 1152w, https:\/\/www.olivier.inc\/wp-content\/uploads\/TraditionalFDPAuger-03-1536x2048.jpg 1536w, https:\/\/www.olivier.inc\/wp-content\/uploads\/TraditionalFDPAuger-03-scaled.jpg 1920w\" sizes=\"auto, (max-width: 768px) 100vw, 768px\" \/><\/a><\/figure>\n\n\n<figure class=\"wp-block-image size-large\"><a href=\"https:\/\/www.olivier.inc\/wp-content\/uploads\/TraditionalFDP-Pile-01.jpg\"><img loading=\"lazy\" decoding=\"async\" width=\"450\" height=\"1012\" data-id=\"1290\" src=\"https:\/\/www.olivier.inc\/wp-content\/uploads\/TraditionalFDP-Pile-01.jpg\" alt=\"Pieu &#xE0; refoulement traditionnel\" class=\"wp-image-1290\" srcset=\"https:\/\/www.olivier.inc\/wp-content\/uploads\/TraditionalFDP-Pile-01.jpg 450w, https:\/\/www.olivier.inc\/wp-content\/uploads\/TraditionalFDP-Pile-01-133x300.jpg 133w\" sizes=\"auto, (max-width: 450px) 100vw, 450px\" \/><\/a><\/figure><\/figure>\n\n<p><\/p>\n\n<h2 class=\"wp-block-heading\">R\u00e9f\u00e9rences<\/h2>\n<div data-post-id=\"1320\" class=\"insert-page insert-page-1320 \">\n<p><\/p>\n\n\n\n<figure class=\"wp-block-gallery has-nested-images columns-8 is-cropped wp-block-gallery-2 is-layout-flex wp-block-gallery-is-layout-flex\">\n<figure class=\"wp-block-image size-large\"><a href=\"https:\/\/www.olivier.inc\/wp-content\/uploads\/GVD-Palen-0012.jpg\"><img loading=\"lazy\" decoding=\"async\" width=\"768\" height=\"1024\" data-id=\"3206\" src=\"https:\/\/www.olivier.inc\/wp-content\/uploads\/GVD-Palen-0012.jpg\" alt=\"GVD - Junttan DR5\" class=\"wp-image-3206\" srcset=\"https:\/\/www.olivier.inc\/wp-content\/uploads\/GVD-Palen-0012.jpg 768w, https:\/\/www.olivier.inc\/wp-content\/uploads\/GVD-Palen-0012-225x300.jpg 225w\" sizes=\"auto, (max-width: 768px) 100vw, 768px\" \/><\/a><\/figure>\n\n\n\n<figure class=\"wp-block-image size-large\"><a href=\"https:\/\/www.olivier.inc\/wp-content\/uploads\/\/442413376_985358300006050_307446990258212166_n-1024x577.jpg\"><img loading=\"lazy\" decoding=\"async\" width=\"1024\" height=\"577\" data-id=\"2765\" src=\"https:\/\/www.olivier.inc\/wp-content\/uploads\/\/442413376_985358300006050_307446990258212166_n-1024x577.jpg\" alt=\"CLL - Liebherr LRB23\" class=\"wp-image-2765\" srcset=\"https:\/\/www.olivier.inc\/wp-content\/uploads\/442413376_985358300006050_307446990258212166_n-1024x577.jpg 1024w, https:\/\/www.olivier.inc\/wp-content\/uploads\/442413376_985358300006050_307446990258212166_n-300x169.jpg 300w, https:\/\/www.olivier.inc\/wp-content\/uploads\/442413376_985358300006050_307446990258212166_n-768x432.jpg 768w, https:\/\/www.olivier.inc\/wp-content\/uploads\/442413376_985358300006050_307446990258212166_n-1536x865.jpg 1536w, https:\/\/www.olivier.inc\/wp-content\/uploads\/442413376_985358300006050_307446990258212166_n.jpg 2048w\" sizes=\"auto, (max-width: 1024px) 100vw, 1024px\" \/><\/a><\/figure>\n\n\n\n<figure class=\"wp-block-image size-large\"><a href=\"https:\/\/www.olivier.inc\/wp-content\/uploads\/\/441462510_985358343339379_7900047005614775042_n-1024x577.jpg\"><img loading=\"lazy\" decoding=\"async\" width=\"1024\" height=\"577\" data-id=\"2744\" src=\"https:\/\/www.olivier.inc\/wp-content\/uploads\/\/441462510_985358343339379_7900047005614775042_n-1024x577.jpg\" alt=\"CLL - Liebherr LRB355\" class=\"wp-image-2744\" srcset=\"https:\/\/www.olivier.inc\/wp-content\/uploads\/441462510_985358343339379_7900047005614775042_n-1024x577.jpg 1024w, https:\/\/www.olivier.inc\/wp-content\/uploads\/441462510_985358343339379_7900047005614775042_n-300x169.jpg 300w, https:\/\/www.olivier.inc\/wp-content\/uploads\/441462510_985358343339379_7900047005614775042_n-768x432.jpg 768w, https:\/\/www.olivier.inc\/wp-content\/uploads\/441462510_985358343339379_7900047005614775042_n-1536x865.jpg 1536w, https:\/\/www.olivier.inc\/wp-content\/uploads\/441462510_985358343339379_7900047005614775042_n.jpg 2048w\" sizes=\"auto, (max-width: 1024px) 100vw, 1024px\" \/><\/a><\/figure>\n\n\n\n<figure class=\"wp-block-image size-large\"><a href=\"https:\/\/www.olivier.inc\/wp-content\/uploads\/\/1712694027112-1024x576.jpeg\"><img loading=\"lazy\" decoding=\"async\" width=\"1024\" height=\"576\" data-id=\"2678\" src=\"https:\/\/www.olivier.inc\/wp-content\/uploads\/\/1712694027112-1024x576.jpeg\" alt=\"FST - Fundex F2500\" class=\"wp-image-2678\" srcset=\"https:\/\/www.olivier.inc\/wp-content\/uploads\/1712694027112-1024x576.jpeg 1024w, https:\/\/www.olivier.inc\/wp-content\/uploads\/1712694027112-300x169.jpeg 300w, https:\/\/www.olivier.inc\/wp-content\/uploads\/1712694027112-768x432.jpeg 768w, https:\/\/www.olivier.inc\/wp-content\/uploads\/1712694027112-1536x864.jpeg 1536w, https:\/\/www.olivier.inc\/wp-content\/uploads\/1712694027112.jpeg 2048w\" sizes=\"auto, (max-width: 1024px) 100vw, 1024px\" \/><\/a><\/figure>\n\n\n\n<figure class=\"wp-block-image size-large\"><a href=\"https:\/\/www.olivier.inc\/wp-content\/uploads\/\/FST-01-1024x768.jpg\"><img loading=\"lazy\" decoding=\"async\" width=\"1024\" height=\"768\" data-id=\"781\" src=\"https:\/\/www.olivier.inc\/wp-content\/uploads\/\/FST-01-1024x768.jpg\" alt=\"FST - Liebherr LRB18\" class=\"wp-image-781\" srcset=\"https:\/\/www.olivier.inc\/wp-content\/uploads\/FST-01-1024x768.jpg 1024w, https:\/\/www.olivier.inc\/wp-content\/uploads\/FST-01-300x225.jpg 300w, https:\/\/www.olivier.inc\/wp-content\/uploads\/FST-01-768x576.jpg 768w, https:\/\/www.olivier.inc\/wp-content\/uploads\/FST-01-1536x1152.jpg 1536w, https:\/\/www.olivier.inc\/wp-content\/uploads\/FST-01.jpg 2048w\" sizes=\"auto, (max-width: 1024px) 100vw, 1024px\" \/><\/a><\/figure>\n\n\n\n<figure class=\"wp-block-image size-large\"><a href=\"https:\/\/www.olivier.inc\/wp-content\/uploads\/EBS.jpg\"><img loading=\"lazy\" decoding=\"async\" width=\"1024\" height=\"768\" data-id=\"2563\" src=\"https:\/\/www.olivier.inc\/wp-content\/uploads\/EBS.jpg\" alt=\"EBS - Fundex CD20\" class=\"wp-image-2563\" srcset=\"https:\/\/www.olivier.inc\/wp-content\/uploads\/EBS.jpg 1024w, https:\/\/www.olivier.inc\/wp-content\/uploads\/EBS-300x225.jpg 300w, https:\/\/www.olivier.inc\/wp-content\/uploads\/EBS-768x576.jpg 768w\" sizes=\"auto, (max-width: 1024px) 100vw, 1024px\" \/><\/a><\/figure>\n\n\n\n<figure class=\"wp-block-image size-large\"><a href=\"https:\/\/www.olivier.inc\/wp-content\/uploads\/\/VotquenneLRB355-1-03-717x1024.jpg\"><img loading=\"lazy\" decoding=\"async\" width=\"717\" height=\"1024\" data-id=\"814\" src=\"https:\/\/www.olivier.inc\/wp-content\/uploads\/\/VotquenneLRB355-1-03-717x1024.jpg\" alt=\"Votquenne - Liebherr LRB355.1\" class=\"wp-image-814\" srcset=\"https:\/\/www.olivier.inc\/wp-content\/uploads\/VotquenneLRB355-1-03-717x1024.jpg 717w, https:\/\/www.olivier.inc\/wp-content\/uploads\/VotquenneLRB355-1-03-210x300.jpg 210w, https:\/\/www.olivier.inc\/wp-content\/uploads\/VotquenneLRB355-1-03-768x1097.jpg 768w, https:\/\/www.olivier.inc\/wp-content\/uploads\/VotquenneLRB355-1-03-1076x1536.jpg 1076w, https:\/\/www.olivier.inc\/wp-content\/uploads\/VotquenneLRB355-1-03.jpg 1434w\" sizes=\"auto, (max-width: 717px) 100vw, 717px\" \/><\/a><\/figure>\n\n\n\n<figure class=\"wp-block-image size-large\"><a href=\"https:\/\/www.olivier.inc\/wp-content\/uploads\/\/339127893_616502739912341_648411752953466199_n-1024x768.jpg\"><img loading=\"lazy\" decoding=\"async\" width=\"1024\" height=\"768\" data-id=\"2103\" src=\"https:\/\/www.olivier.inc\/wp-content\/uploads\/\/339127893_616502739912341_648411752953466199_n-1024x768.jpg\" alt=\"S&amp;S - Fundex F2500\" class=\"wp-image-2103\" srcset=\"https:\/\/www.olivier.inc\/wp-content\/uploads\/339127893_616502739912341_648411752953466199_n-1024x768.jpg 1024w, https:\/\/www.olivier.inc\/wp-content\/uploads\/339127893_616502739912341_648411752953466199_n-300x225.jpg 300w, https:\/\/www.olivier.inc\/wp-content\/uploads\/339127893_616502739912341_648411752953466199_n-768x576.jpg 768w, https:\/\/www.olivier.inc\/wp-content\/uploads\/339127893_616502739912341_648411752953466199_n-1536x1152.jpg 1536w, https:\/\/www.olivier.inc\/wp-content\/uploads\/339127893_616502739912341_648411752953466199_n.jpg 2016w\" sizes=\"auto, (max-width: 1024px) 100vw, 1024px\" \/><\/a><\/figure>\n\n\n\n<figure class=\"wp-block-image size-large\"><a href=\"https:\/\/www.olivier.inc\/wp-content\/uploads\/\/277367499_3053316098225713_6562441846344116869_n-768x1024.jpg\"><img loading=\"lazy\" decoding=\"async\" width=\"768\" height=\"1024\" data-id=\"1863\" src=\"https:\/\/www.olivier.inc\/wp-content\/uploads\/\/277367499_3053316098225713_6562441846344116869_n-768x1024.jpg\" alt=\"Strabag - Fundex F3500\" class=\"wp-image-1863\" srcset=\"https:\/\/www.olivier.inc\/wp-content\/uploads\/277367499_3053316098225713_6562441846344116869_n-768x1024.jpg 768w, https:\/\/www.olivier.inc\/wp-content\/uploads\/277367499_3053316098225713_6562441846344116869_n-225x300.jpg 225w, https:\/\/www.olivier.inc\/wp-content\/uploads\/277367499_3053316098225713_6562441846344116869_n-1152x1536.jpg 1152w, https:\/\/www.olivier.inc\/wp-content\/uploads\/277367499_3053316098225713_6562441846344116869_n.jpg 1296w\" sizes=\"auto, (max-width: 768px) 100vw, 768px\" \/><\/a><\/figure>\n\n\n\n<figure class=\"wp-block-image size-large\"><a href=\"https:\/\/www.olivier.inc\/wp-content\/uploads\/\/MSB-1024x714.png\"><img loading=\"lazy\" decoding=\"async\" width=\"1024\" height=\"714\" data-id=\"2572\" src=\"https:\/\/www.olivier.inc\/wp-content\/uploads\/\/MSB-1024x714.png\" alt=\"MSB - Fundex CD20\" class=\"wp-image-2572\" srcset=\"https:\/\/www.olivier.inc\/wp-content\/uploads\/MSB-1024x714.png 1024w, https:\/\/www.olivier.inc\/wp-content\/uploads\/MSB-300x209.png 300w, https:\/\/www.olivier.inc\/wp-content\/uploads\/MSB-768x535.png 768w, https:\/\/www.olivier.inc\/wp-content\/uploads\/MSB-392x272.png 392w, https:\/\/www.olivier.inc\/wp-content\/uploads\/MSB-130x90.png 130w, https:\/\/www.olivier.inc\/wp-content\/uploads\/MSB.png 1033w\" sizes=\"auto, (max-width: 1024px) 100vw, 1024px\" \/><\/a><\/figure>\n\n\n\n<figure class=\"wp-block-image size-large\"><a href=\"https:\/\/www.olivier.inc\/wp-content\/uploads\/\/VanRooy-01-1024x768.jpg\"><img loading=\"lazy\" decoding=\"async\" width=\"1024\" height=\"768\" data-id=\"856\" src=\"https:\/\/www.olivier.inc\/wp-content\/uploads\/\/VanRooy-01-1024x768.jpg\" alt=\"Van Rooy - ABI SM 12\/16B\" class=\"wp-image-856\" srcset=\"https:\/\/www.olivier.inc\/wp-content\/uploads\/VanRooy-01-1024x768.jpg 1024w, https:\/\/www.olivier.inc\/wp-content\/uploads\/VanRooy-01-300x225.jpg 300w, https:\/\/www.olivier.inc\/wp-content\/uploads\/VanRooy-01-768x576.jpg 768w, https:\/\/www.olivier.inc\/wp-content\/uploads\/VanRooy-01-1536x1152.jpg 1536w, https:\/\/www.olivier.inc\/wp-content\/uploads\/VanRooy-01.jpg 2048w\" sizes=\"auto, (max-width: 1024px) 100vw, 1024px\" \/><\/a><\/figure>\n\n\n\n<figure class=\"wp-block-image size-large\"><a href=\"https:\/\/www.olivier.inc\/wp-content\/uploads\/\/MTS-01-1024x768.jpg\"><img loading=\"lazy\" decoding=\"async\" width=\"1024\" height=\"768\" data-id=\"832\" src=\"https:\/\/www.olivier.inc\/wp-content\/uploads\/\/MTS-01-1024x768.jpg\" alt=\"MTS System - Hitachi EX3000\" class=\"wp-image-832\" srcset=\"https:\/\/www.olivier.inc\/wp-content\/uploads\/MTS-01-1024x768.jpg 1024w, https:\/\/www.olivier.inc\/wp-content\/uploads\/MTS-01-300x225.jpg 300w, https:\/\/www.olivier.inc\/wp-content\/uploads\/MTS-01-768x576.jpg 768w, https:\/\/www.olivier.inc\/wp-content\/uploads\/MTS-01-1536x1152.jpg 1536w, https:\/\/www.olivier.inc\/wp-content\/uploads\/MTS-01.jpg 2048w\" sizes=\"auto, (max-width: 1024px) 100vw, 1024px\" \/><\/a><\/figure>\n\n\n\n<figure class=\"wp-block-image size-large\"><a href=\"https:\/\/www.olivier.inc\/wp-content\/uploads\/\/DeCoster-01-1024x768.jpg\"><img loading=\"lazy\" decoding=\"async\" width=\"1024\" height=\"768\" data-id=\"542\" src=\"https:\/\/www.olivier.inc\/wp-content\/uploads\/\/DeCoster-01-1024x768.jpg\" alt=\"De Coster Dominique - Fundex F2200\" class=\"wp-image-542\" srcset=\"https:\/\/www.olivier.inc\/wp-content\/uploads\/DeCoster-01-1024x768.jpg 1024w, https:\/\/www.olivier.inc\/wp-content\/uploads\/DeCoster-01-300x225.jpg 300w, https:\/\/www.olivier.inc\/wp-content\/uploads\/DeCoster-01-768x576.jpg 768w, https:\/\/www.olivier.inc\/wp-content\/uploads\/DeCoster-01-1536x1152.jpg 1536w, https:\/\/www.olivier.inc\/wp-content\/uploads\/DeCoster-01.jpg 2048w\" sizes=\"auto, (max-width: 1024px) 100vw, 1024px\" \/><\/a><\/figure>\n\n\n\n<figure class=\"wp-block-image size-large\"><a href=\"https:\/\/www.olivier.inc\/wp-content\/uploads\/Traen-01.jpg\"><img loading=\"lazy\" decoding=\"async\" width=\"720\" height=\"960\" data-id=\"580\" src=\"https:\/\/www.olivier.inc\/wp-content\/uploads\/Traen-01.jpg\" alt=\"Traen gebroeders - BG20H\" class=\"wp-image-580\" srcset=\"https:\/\/www.olivier.inc\/wp-content\/uploads\/Traen-01.jpg 720w, https:\/\/www.olivier.inc\/wp-content\/uploads\/Traen-01-225x300.jpg 225w\" sizes=\"auto, (max-width: 720px) 100vw, 720px\" \/><\/a><\/figure>\n\n\n\n<figure class=\"wp-block-image size-large\"><a href=\"https:\/\/www.olivier.inc\/wp-content\/uploads\/GVDPalen-05.jpg\"><img loading=\"lazy\" decoding=\"async\" width=\"960\" height=\"720\" data-id=\"327\" src=\"https:\/\/www.olivier.inc\/wp-content\/uploads\/GVDPalen-05.jpg\" alt=\"GVD Palen - Bauer BG24\" class=\"wp-image-327\" srcset=\"https:\/\/www.olivier.inc\/wp-content\/uploads\/GVDPalen-05.jpg 960w, https:\/\/www.olivier.inc\/wp-content\/uploads\/GVDPalen-05-300x225.jpg 300w, https:\/\/www.olivier.inc\/wp-content\/uploads\/GVDPalen-05-768x576.jpg 768w\" sizes=\"auto, (max-width: 960px) 100vw, 960px\" \/><\/a><\/figure>\n\n\n\n<figure class=\"wp-block-image size-large\"><a href=\"https:\/\/www.olivier.inc\/wp-content\/uploads\/\/WillyNaessensNederland-05-768x1024.jpg\"><img loading=\"lazy\" decoding=\"async\" width=\"768\" height=\"1024\" data-id=\"504\" src=\"https:\/\/www.olivier.inc\/wp-content\/uploads\/\/WillyNaessensNederland-05-768x1024.jpg\" alt=\"Willy Naessens - Woltman 90DR\" class=\"wp-image-504\" srcset=\"https:\/\/www.olivier.inc\/wp-content\/uploads\/WillyNaessensNederland-05-768x1024.jpg 768w, https:\/\/www.olivier.inc\/wp-content\/uploads\/WillyNaessensNederland-05-225x300.jpg 225w, https:\/\/www.olivier.inc\/wp-content\/uploads\/WillyNaessensNederland-05-1152x1536.jpg 1152w, https:\/\/www.olivier.inc\/wp-content\/uploads\/WillyNaessensNederland-05.jpg 1536w\" sizes=\"auto, (max-width: 768px) 100vw, 768px\" \/><\/a><\/figure>\n\n\n\n<figure class=\"wp-block-image size-large\"><a href=\"https:\/\/www.olivier.inc\/wp-content\/uploads\/\/DupontSintTruiden-01-1024x764.jpg\"><img loading=\"lazy\" decoding=\"async\" width=\"1024\" height=\"764\" data-id=\"706\" src=\"https:\/\/www.olivier.inc\/wp-content\/uploads\/\/DupontSintTruiden-01-1024x764.jpg\" alt=\"Dupont - Bauer BG28H\" class=\"wp-image-706\" srcset=\"https:\/\/www.olivier.inc\/wp-content\/uploads\/DupontSintTruiden-01-1024x764.jpg 1024w, https:\/\/www.olivier.inc\/wp-content\/uploads\/DupontSintTruiden-01-300x224.jpg 300w, https:\/\/www.olivier.inc\/wp-content\/uploads\/DupontSintTruiden-01-768x573.jpg 768w, https:\/\/www.olivier.inc\/wp-content\/uploads\/DupontSintTruiden-01-1536x1146.jpg 1536w, https:\/\/www.olivier.inc\/wp-content\/uploads\/DupontSintTruiden-01.jpg 2048w\" sizes=\"auto, (max-width: 1024px) 100vw, 1024px\" \/><\/a><\/figure>\n\n\n\n<figure class=\"wp-block-image size-large\"><a href=\"https:\/\/www.olivier.inc\/wp-content\/uploads\/\/OmniTech-04-768x1024.jpg\"><img loading=\"lazy\" decoding=\"async\" width=\"768\" height=\"1024\" data-id=\"607\" src=\"https:\/\/www.olivier.inc\/wp-content\/uploads\/\/OmniTech-04-768x1024.jpg\" alt=\"Omni-Tech - Bauer BG20H\" class=\"wp-image-607\" srcset=\"https:\/\/www.olivier.inc\/wp-content\/uploads\/OmniTech-04-768x1024.jpg 768w, https:\/\/www.olivier.inc\/wp-content\/uploads\/OmniTech-04-225x300.jpg 225w, https:\/\/www.olivier.inc\/wp-content\/uploads\/OmniTech-04-1152x1536.jpg 1152w, https:\/\/www.olivier.inc\/wp-content\/uploads\/OmniTech-04.jpg 1296w\" sizes=\"auto, (max-width: 768px) 100vw, 768px\" \/><\/a><\/figure>\n\n\n\n<figure class=\"wp-block-image size-large\"><a href=\"https:\/\/www.olivier.inc\/wp-content\/uploads\/OlivierDPA_Fundex_F3500_01-scaled.jpg\"><img loading=\"lazy\" decoding=\"async\" width=\"1024\" height=\"768\" data-id=\"2968\" src=\"https:\/\/www.olivier.inc\/wp-content\/uploads\/\/OlivierDPA_Fundex_F3500_01-1024x768.jpg\" alt=\"Soetaert - Fundex F3500\" class=\"wp-image-2968\" srcset=\"https:\/\/www.olivier.inc\/wp-content\/uploads\/OlivierDPA_Fundex_F3500_01-1024x768.jpg 1024w, https:\/\/www.olivier.inc\/wp-content\/uploads\/OlivierDPA_Fundex_F3500_01-300x225.jpg 300w, https:\/\/www.olivier.inc\/wp-content\/uploads\/OlivierDPA_Fundex_F3500_01-768x576.jpg 768w, https:\/\/www.olivier.inc\/wp-content\/uploads\/OlivierDPA_Fundex_F3500_01-1536x1152.jpg 1536w, https:\/\/www.olivier.inc\/wp-content\/uploads\/OlivierDPA_Fundex_F3500_01-2048x1536.jpg 2048w, https:\/\/www.olivier.inc\/wp-content\/uploads\/OlivierDPA_Fundex_F3500_01-scaled.jpg 1600w\" sizes=\"auto, (max-width: 1024px) 100vw, 1024px\" \/><\/a><\/figure>\n\n\n\n<figure class=\"wp-block-image size-large\"><a href=\"https:\/\/www.olivier.inc\/wp-content\/uploads\/\/Soetaert-02-1024x768.jpg\"><img loading=\"lazy\" decoding=\"async\" width=\"1024\" height=\"768\" data-id=\"629\" src=\"https:\/\/www.olivier.inc\/wp-content\/uploads\/\/Soetaert-02-1024x768.jpg\" alt=\"Soetaert - Bauer RG18S\" class=\"wp-image-629\" srcset=\"https:\/\/www.olivier.inc\/wp-content\/uploads\/Soetaert-02-1024x768.jpg 1024w, https:\/\/www.olivier.inc\/wp-content\/uploads\/Soetaert-02-300x225.jpg 300w, https:\/\/www.olivier.inc\/wp-content\/uploads\/Soetaert-02-768x576.jpg 768w, https:\/\/www.olivier.inc\/wp-content\/uploads\/Soetaert-02-1536x1152.jpg 1536w, https:\/\/www.olivier.inc\/wp-content\/uploads\/Soetaert-02.jpg 1728w\" sizes=\"auto, (max-width: 1024px) 100vw, 1024px\" \/><\/a><\/figure>\n\n\n\n<figure class=\"wp-block-image size-large\"><a href=\"https:\/\/www.olivier.inc\/wp-content\/uploads\/\/SoetaertLiebherr-04-1024x976.jpg\"><img loading=\"lazy\" decoding=\"async\" width=\"1024\" height=\"976\" data-id=\"727\" src=\"https:\/\/www.olivier.inc\/wp-content\/uploads\/\/SoetaertLiebherr-04-1024x976.jpg\" alt=\"Jan De Nul - Liebherr LRB 355\" class=\"wp-image-727\" srcset=\"https:\/\/www.olivier.inc\/wp-content\/uploads\/SoetaertLiebherr-04-1024x976.jpg 1024w, https:\/\/www.olivier.inc\/wp-content\/uploads\/SoetaertLiebherr-04-300x286.jpg 300w, https:\/\/www.olivier.inc\/wp-content\/uploads\/SoetaertLiebherr-04-768x732.jpg 768w, https:\/\/www.olivier.inc\/wp-content\/uploads\/SoetaertLiebherr-04-1536x1463.jpg 1536w, https:\/\/www.olivier.inc\/wp-content\/uploads\/SoetaertLiebherr-04.jpg 2048w\" sizes=\"auto, (max-width: 1024px) 100vw, 1024px\" \/><\/a><\/figure>\n\n\n\n<figure class=\"wp-block-image size-large\"><a href=\"https:\/\/www.olivier.inc\/wp-content\/uploads\/\/SmetPile-01-1024x768.jpg\"><img loading=\"lazy\" decoding=\"async\" width=\"1024\" height=\"768\" data-id=\"245\" src=\"https:\/\/www.olivier.inc\/wp-content\/uploads\/\/SmetPile-01-1024x768.jpg\" alt=\"Smet pile - Woltman 55DR\" class=\"wp-image-245\" srcset=\"https:\/\/www.olivier.inc\/wp-content\/uploads\/SmetPile-01-1024x768.jpg 1024w, https:\/\/www.olivier.inc\/wp-content\/uploads\/SmetPile-01-300x225.jpg 300w, https:\/\/www.olivier.inc\/wp-content\/uploads\/SmetPile-01-768x576.jpg 768w, https:\/\/www.olivier.inc\/wp-content\/uploads\/SmetPile-01-1536x1152.jpg 1536w, https:\/\/www.olivier.inc\/wp-content\/uploads\/SmetPile-01.jpg 2048w\" sizes=\"auto, (max-width: 1024px) 100vw, 1024px\" \/><\/a><\/figure>\n\n\n\n<figure class=\"wp-block-image size-large\"><a href=\"https:\/\/www.olivier.inc\/wp-content\/uploads\/\/OlivierJunttanPM18-1024x790.jpg\"><img loading=\"lazy\" decoding=\"async\" width=\"1024\" height=\"790\" data-id=\"1332\" src=\"https:\/\/www.olivier.inc\/wp-content\/uploads\/\/OlivierJunttanPM18-1024x790.jpg\" alt=\"Junttan PM18\" class=\"wp-image-1332\" srcset=\"https:\/\/www.olivier.inc\/wp-content\/uploads\/OlivierJunttanPM18-1024x790.jpg 1024w, https:\/\/www.olivier.inc\/wp-content\/uploads\/OlivierJunttanPM18-300x231.jpg 300w, https:\/\/www.olivier.inc\/wp-content\/uploads\/OlivierJunttanPM18-768x592.jpg 768w, https:\/\/www.olivier.inc\/wp-content\/uploads\/OlivierJunttanPM18.jpg 1111w\" sizes=\"auto, (max-width: 1024px) 100vw, 1024px\" \/><\/a><\/figure>\n\n\n\n<figure class=\"wp-block-image size-large\"><a href=\"https:\/\/www.olivier.inc\/wp-content\/uploads\/\/Olivier-Paalmachine-84-724x1024.jpg\"><img loading=\"lazy\" decoding=\"async\" width=\"724\" height=\"1024\" data-id=\"2577\" src=\"https:\/\/www.olivier.inc\/wp-content\/uploads\/\/Olivier-Paalmachine-84-724x1024.jpg\" alt=\"Olivier machine 84\" class=\"wp-image-2577\" srcset=\"https:\/\/www.olivier.inc\/wp-content\/uploads\/Olivier-Paalmachine-84-724x1024.jpg 724w, https:\/\/www.olivier.inc\/wp-content\/uploads\/Olivier-Paalmachine-84-212x300.jpg 212w, https:\/\/www.olivier.inc\/wp-content\/uploads\/Olivier-Paalmachine-84-768x1086.jpg 768w, https:\/\/www.olivier.inc\/wp-content\/uploads\/Olivier-Paalmachine-84-1087x1536.jpg 1087w, https:\/\/www.olivier.inc\/wp-content\/uploads\/Olivier-Paalmachine-84-1449x2048.jpg 1449w, https:\/\/www.olivier.inc\/wp-content\/uploads\/Olivier-Paalmachine-84.jpg 1547w\" sizes=\"auto, (max-width: 724px) 100vw, 724px\" \/><\/a><\/figure>\n<\/figure>\n<\/div>","protected":false},"excerpt":{"rendered":"<p>Tari\u00e8re pour pieux traditionnels \u00e0 d\u00e9placement total : une tari\u00e8re longue et lourde con\u00e7ue pour forer des pieux de fondation cylindriques en b\u00e9ton ou b\u00e9ton arm\u00e9.<\/p>\n","protected":false},"author":2,"featured_media":0,"parent":1510,"menu_order":0,"comment_status":"closed","ping_status":"closed","template":"","meta":{"colormag_page_container_layout":"default_layout","colormag_page_sidebar_layout":"default_layout","_uf_show_specific_survey":0,"_uf_disable_surveys":false,"footnotes":""},"class_list":["post-1515","page","type-page","status-publish","hentry"],"aioseo_notices":[],"_links":{"self":[{"href":"https:\/\/www.olivier.inc\/fr\/wp-json\/wp\/v2\/pages\/1515","targetHints":{"allow":["GET"]}}],"collection":[{"href":"https:\/\/www.olivier.inc\/fr\/wp-json\/wp\/v2\/pages"}],"about":[{"href":"https:\/\/www.olivier.inc\/fr\/wp-json\/wp\/v2\/types\/page"}],"author":[{"embeddable":true,"href":"https:\/\/www.olivier.inc\/fr\/wp-json\/wp\/v2\/users\/2"}],"replies":[{"embeddable":true,"href":"https:\/\/www.olivier.inc\/fr\/wp-json\/wp\/v2\/comments?post=1515"}],"version-history":[{"count":9,"href":"https:\/\/www.olivier.inc\/fr\/wp-json\/wp\/v2\/pages\/1515\/revisions"}],"predecessor-version":[{"id":4475,"href":"https:\/\/www.olivier.inc\/fr\/wp-json\/wp\/v2\/pages\/1515\/revisions\/4475"}],"up":[{"embeddable":true,"href":"https:\/\/www.olivier.inc\/fr\/wp-json\/wp\/v2\/pages\/1510"}],"wp:attachment":[{"href":"https:\/\/www.olivier.inc\/fr\/wp-json\/wp\/v2\/media?parent=1515"}],"curies":[{"name":"wp","href":"https:\/\/api.w.org\/{rel}","templated":true}]}}