{"id":1422,"date":"2021-06-08T19:21:12","date_gmt":"2021-06-08T17:21:12","guid":{"rendered":"https:\/\/www.olivier.inc\/contact\/"},"modified":"2025-12-19T08:12:15","modified_gmt":"2025-12-19T07:12:15","slug":"contact","status":"publish","type":"page","link":"https:\/\/www.olivier.inc\/fr\/contact\/","title":{"rendered":"Contact"},"content":{"rendered":"\n<h2 class=\"wp-block-heading\">Adresse<\/h2>\n\n<p>Olivier est situ\u00e9 dans la Schaapbruggestraat 26 \u00e0 8800 Rumbeke.<br\/>Nos bureaux sont ouverts tous les jours de 8.00h \u00e0 12.00h et de 13.00h \u00e0 17.00h.<br\/>Ferm\u00e9s les samedis, dimanches et jours de f\u00eates et pendant les vacances de la construction.<\/p>\n\n<h2 class=\"wp-block-heading\">Les temps de chargement et de d\u00e9chargement<\/h2>\n\n<p>Du lundi au vendredi de 8.00h \u00e0 12.00h et de 12.30h \u00e0 16.30h.<\/p>\n\n<p>Olivier NV<br\/>Schaapbruggestraat 26<br\/>B-8800 Rumbeke<br\/>Belgium<br\/>T: +32 51 26 00 26<br\/>F: +32 51 26 00 27<br\/>Email: <a href=\"mailto:info@olivier.inc\">info@olivier.inc<\/a><br\/>BTW: BE 0430.128.583<\/p>\n\n<iframe src=\"https:\/\/www.google.com\/maps\/embed?pb=!1m18!1m12!1m3!1d2514.1504525389814!2d3.1534300512034523!3d50.93943057944538!2m3!1f0!2f0!3f0!3m2!1i1024!2i768!4f13.1!3m3!1m2!1s0x47c336686ebe8ccf%3A0x89ca252b7f34318b!2sOlivier!5e0!3m2!1snl!2sbe!4v1623180209408!5m2!1snl!2sbe\" width=\"800\" height=\"450\" style=\"border:0;\" allowfullscreen=\"\" loading=\"lazy\"><\/iframe>\r\n\n<h2 class=\"wp-block-heading\">Qui est qui?<\/h2>\n\n<div class=\"wp-block-columns is-layout-flex wp-container-core-columns-is-layout-28f84493 wp-block-columns-is-layout-flex\">\n<div class=\"wp-block-column is-layout-flow wp-block-column-is-layout-flow\">\n<div class=\"wp-block-columns is-layout-flex wp-container-core-columns-is-layout-28f84493 wp-block-columns-is-layout-flex\">\n<div class=\"wp-block-column is-layout-flow wp-block-column-is-layout-flow\" style=\"flex-basis:33.33%\">\n<figure class=\"wp-block-image size-full\"><img loading=\"lazy\" decoding=\"async\" width=\"150\" height=\"151\" src=\"https:\/\/www.olivier.inc\/wp-content\/uploads\/GerdiVankeirsbilck.jpg\" alt=\"\" class=\"wp-image-1669\"\/><\/figure><\/div>\n\n\n\n<div class=\"wp-block-column is-layout-flow wp-block-column-is-layout-flow\" style=\"flex-basis:66.66%\">\n<p><\/p>\n\n\n\n<p><strong>Gerdi Vankeirsbilck<\/strong><\/p>\n\n\n\n<p>Directeur g\u00e9n\u00e9ral<\/p>\n\n\n\n<p><a href=\"mailto:gerdi@olivier.inc\">gerdi@olivier.inc<\/a><\/p>\n<\/div>\n<\/div>\n<\/div>\n\n\n\n<div class=\"wp-block-column is-layout-flow wp-block-column-is-layout-flow\">\n<div class=\"wp-block-columns is-layout-flex wp-container-core-columns-is-layout-28f84493 wp-block-columns-is-layout-flex\">\n<div class=\"wp-block-column is-layout-flow wp-block-column-is-layout-flow\" style=\"flex-basis:33.33%\">\n<figure class=\"wp-block-image size-full\"><img loading=\"lazy\" decoding=\"async\" width=\"150\" height=\"150\" src=\"https:\/\/www.olivier.inc\/wp-content\/uploads\/DimitryVankeirsbilck.jpg\" alt=\"\" class=\"wp-image-1672\"\/><\/figure><\/div>\n\n\n\n<div class=\"wp-block-column is-layout-flow wp-block-column-is-layout-flow\" style=\"flex-basis:66.66%\">\n<p><\/p>\n\n\n\n<p><strong>Dimitry Vankeirsbilck<\/strong><\/p>\n\n\n\n<p>Directeur<\/p>\n\n\n\n<p><a href=\"mailto:dimitry@olivier.inc\">dimitry@olivier.inc<\/a><\/p>\n<\/div>\n<\/div>\n<\/div>\n<\/div>\n\n<div class=\"wp-block-columns is-layout-flex wp-container-core-columns-is-layout-28f84493 wp-block-columns-is-layout-flex\">\n<div class=\"wp-block-column is-layout-flow wp-block-column-is-layout-flow\">\n<div class=\"wp-block-columns is-layout-flex wp-container-core-columns-is-layout-28f84493 wp-block-columns-is-layout-flex\">\n<div class=\"wp-block-column is-layout-flow wp-block-column-is-layout-flow\" style=\"flex-basis:33.33%\">\n<figure class=\"wp-block-image size-full\"><img loading=\"lazy\" decoding=\"async\" width=\"150\" height=\"152\" src=\"https:\/\/www.olivier.inc\/wp-content\/uploads\/DelphineBlieck.jpg\" alt=\"\" class=\"wp-image-1675\"\/><\/figure><\/div>\n\n\n\n<div class=\"wp-block-column is-layout-flow wp-block-column-is-layout-flow\" style=\"flex-basis:66.66%\">\n<p><\/p>\n\n\n\n<p><strong>Delphine Blieck<\/strong><\/p>\n\n\n\n<p>Comptabilit\u00e9<\/p>\n\n\n\n<p><a href=\"mailto:delphine@olivier.inc\">delphine@olivier.inc<\/a><\/p>\n<\/div>\n<\/div>\n<\/div>\n\n\n\n<div class=\"wp-block-column is-layout-flow wp-block-column-is-layout-flow\">\n<div class=\"wp-block-columns is-layout-flex wp-container-core-columns-is-layout-28f84493 wp-block-columns-is-layout-flex\">\n<div class=\"wp-block-column is-layout-flow wp-block-column-is-layout-flow\" style=\"flex-basis:33.33%\">\n<figure class=\"wp-block-image size-full\"><img loading=\"lazy\" decoding=\"async\" width=\"150\" height=\"156\" src=\"https:\/\/www.olivier.inc\/wp-content\/uploads\/PeterNuyttens.jpg\" alt=\"\" class=\"wp-image-1678\"\/><\/figure><\/div>\n\n\n\n<div class=\"wp-block-column is-layout-flow wp-block-column-is-layout-flow\" style=\"flex-basis:66.66%\">\n<p><\/p>\n\n\n\n<p><strong>Peter Nuyttens<\/strong><\/p>\n\n\n\n<p>Parts<\/p>\n\n\n\n<p><a href=\"mailto:peter@olivier.inc\">peter@olivier.inc<\/a><\/p>\n<\/div>\n<\/div>\n<\/div>\n<\/div>\n","protected":false},"excerpt":{"rendered":"<p>Contactez Olivier pour des technologies de fondation, des outils et une expertise destin\u00e9s aux sp\u00e9cialistes des fondations. Consultez nos coordonn\u00e9es et horaires d\u2019ouverture.<\/p>\n","protected":false},"author":2,"featured_media":0,"parent":0,"menu_order":0,"comment_status":"closed","ping_status":"closed","template":"","meta":{"colormag_page_container_layout":"default_layout","colormag_page_sidebar_layout":"default_layout","_uf_show_specific_survey":0,"_uf_disable_surveys":false,"footnotes":""},"class_list":["post-1422","page","type-page","status-publish","hentry"],"aioseo_notices":[],"_links":{"self":[{"href":"https:\/\/www.olivier.inc\/fr\/wp-json\/wp\/v2\/pages\/1422","targetHints":{"allow":["GET"]}}],"collection":[{"href":"https:\/\/www.olivier.inc\/fr\/wp-json\/wp\/v2\/pages"}],"about":[{"href":"https:\/\/www.olivier.inc\/fr\/wp-json\/wp\/v2\/types\/page"}],"author":[{"embeddable":true,"href":"https:\/\/www.olivier.inc\/fr\/wp-json\/wp\/v2\/users\/2"}],"replies":[{"embeddable":true,"href":"https:\/\/www.olivier.inc\/fr\/wp-json\/wp\/v2\/comments?post=1422"}],"version-history":[{"count":8,"href":"https:\/\/www.olivier.inc\/fr\/wp-json\/wp\/v2\/pages\/1422\/revisions"}],"predecessor-version":[{"id":3764,"href":"https:\/\/www.olivier.inc\/fr\/wp-json\/wp\/v2\/pages\/1422\/revisions\/3764"}],"wp:attachment":[{"href":"https:\/\/www.olivier.inc\/fr\/wp-json\/wp\/v2\/media?parent=1422"}],"curies":[{"name":"wp","href":"https:\/\/api.w.org\/{rel}","templated":true}]}}